{"id":17080,"date":"2025-02-25T09:48:58","date_gmt":"2025-02-25T07:48:58","guid":{"rendered":"https:\/\/teemanditikand.ee\/?post_type=product&#038;p=17080"},"modified":"2025-02-25T09:48:58","modified_gmt":"2025-02-25T07:48:58","slug":"ullatuspilt-30x30-cm-25x25","status":"publish","type":"product","link":"https:\/\/teemanditikand.ee\/en\/product\/ullatuspilt-30x30-cm-25x25\/","title":{"rendered":"\u00dcllatuspilt 30&#215;30 cm (25&#215;25)"},"content":{"rendered":"","protected":false},"excerpt":{"rendered":"<ul>\n<li dir=\"ltr\" data-placeholder=\"T\u00f5lge\"><strong>SUBSCRIBE AND DISCOVER.<\/strong><br \/>\n<strong>We will send you a surprise picture,\u00a0<\/strong><strong>The products are in stock now!<\/strong><\/li>\n<li id=\"tw-target-text\" class=\"tw-data-text tw-text-large tw-ta\" dir=\"ltr\" data-placeholder=\"T\u00f5lge\"><strong><span class=\"Y2IQFc\" lang=\"et\">Palju erinevaid disaine! L\u00f5uendi suurus: 30\u00d730 cm Pildi suurus: 25\u00d725 cm<\/span><\/strong><\/li>\n<\/ul>\n<p>All the diamond embroidery we sell comes with: High-quality base (with glue) where you mount the diamonds, acrylic diamonds, base for storing the diamonds, installation pen, wax for the installation pen<\/p>","protected":false},"featured_media":16720,"template":"","meta":[],"product_brand":[],"product_cat":[24,63],"product_tag":[],"class_list":{"0":"post-17080","1":"product","2":"type-product","3":"status-publish","4":"has-post-thumbnail","6":"product_cat-30x30cm","7":"product_cat-multikad","8":"thunk-woo-product-list","9":"opn-qv-enable","10":"open-woo-hover-none","11":"open-single-product-tab-horizontal","12":"open-shadow-","13":"open-shadow-hover-","15":"first","16":"instock","17":"shipping-taxable","18":"purchasable","19":"product-type-simple"},"_links":{"self":[{"href":"https:\/\/teemanditikand.ee\/en\/wp-json\/wp\/v2\/product\/17080","targetHints":{"allow":["GET"]}}],"collection":[{"href":"https:\/\/teemanditikand.ee\/en\/wp-json\/wp\/v2\/product"}],"about":[{"href":"https:\/\/teemanditikand.ee\/en\/wp-json\/wp\/v2\/types\/product"}],"wp:featuredmedia":[{"embeddable":true,"href":"https:\/\/teemanditikand.ee\/en\/wp-json\/wp\/v2\/media\/16720"}],"wp:attachment":[{"href":"https:\/\/teemanditikand.ee\/en\/wp-json\/wp\/v2\/media?parent=17080"}],"wp:term":[{"taxonomy":"product_brand","embeddable":true,"href":"https:\/\/teemanditikand.ee\/en\/wp-json\/wp\/v2\/product_brand?post=17080"},{"taxonomy":"product_cat","embeddable":true,"href":"https:\/\/teemanditikand.ee\/en\/wp-json\/wp\/v2\/product_cat?post=17080"},{"taxonomy":"product_tag","embeddable":true,"href":"https:\/\/teemanditikand.ee\/en\/wp-json\/wp\/v2\/product_tag?post=17080"}],"curies":[{"name":"wp","href":"https:\/\/api.w.org\/{rel}","templated":true}]}}