{"id":17421,"date":"2025-03-11T12:55:49","date_gmt":"2025-03-11T10:55:49","guid":{"rendered":"https:\/\/teemanditikand.ee\/?post_type=product&#038;p=17421"},"modified":"2026-01-07T15:33:25","modified_gmt":"2026-01-07T13:33:25","slug":"peatselt-saabuv-unenaopuudja-30x40-cm","status":"publish","type":"product","link":"https:\/\/teemanditikand.ee\/en\/product\/peatselt-saabuv-unenaopuudja-30x40-cm\/","title":{"rendered":"Unen\u00e4op\u00fc\u00fcdja 30&#215;40 cm"},"content":{"rendered":"","protected":false},"excerpt":{"rendered":"<p><strong>All diamond embroidery we sell comes with:<\/strong><br \/>\n<strong>A high-quality base (with glue) where you mount diamonds, acrylic diamonds, a base for storing diamonds, a mounting pen with finger cushioning and wax for the mounting pen<\/strong><\/p>","protected":false},"featured_media":17422,"template":"","meta":[],"product_brand":[],"product_cat":[20,60,56],"product_tag":[],"class_list":{"0":"post-17421","1":"product","2":"type-product","3":"status-publish","4":"has-post-thumbnail","6":"product_cat-30x40cm","7":"product_cat-lilled","8":"product_cat-loodus","9":"thunk-woo-product-list","10":"opn-qv-enable","11":"open-woo-hover-none","12":"open-single-product-tab-horizontal","13":"open-shadow-","14":"open-shadow-hover-","16":"first","17":"instock","18":"shipping-taxable","19":"purchasable","20":"product-type-simple"},"_links":{"self":[{"href":"https:\/\/teemanditikand.ee\/en\/wp-json\/wp\/v2\/product\/17421","targetHints":{"allow":["GET"]}}],"collection":[{"href":"https:\/\/teemanditikand.ee\/en\/wp-json\/wp\/v2\/product"}],"about":[{"href":"https:\/\/teemanditikand.ee\/en\/wp-json\/wp\/v2\/types\/product"}],"wp:featuredmedia":[{"embeddable":true,"href":"https:\/\/teemanditikand.ee\/en\/wp-json\/wp\/v2\/media\/17422"}],"wp:attachment":[{"href":"https:\/\/teemanditikand.ee\/en\/wp-json\/wp\/v2\/media?parent=17421"}],"wp:term":[{"taxonomy":"product_brand","embeddable":true,"href":"https:\/\/teemanditikand.ee\/en\/wp-json\/wp\/v2\/product_brand?post=17421"},{"taxonomy":"product_cat","embeddable":true,"href":"https:\/\/teemanditikand.ee\/en\/wp-json\/wp\/v2\/product_cat?post=17421"},{"taxonomy":"product_tag","embeddable":true,"href":"https:\/\/teemanditikand.ee\/en\/wp-json\/wp\/v2\/product_tag?post=17421"}],"curies":[{"name":"wp","href":"https:\/\/api.w.org\/{rel}","templated":true}]}}