{"id":20067,"date":"2025-12-28T19:26:42","date_gmt":"2025-12-28T17:26:42","guid":{"rendered":"https:\/\/teemanditikand.ee\/?post_type=product&#038;p=20067"},"modified":"2025-12-28T19:26:42","modified_gmt":"2025-12-28T17:26:42","slug":"planeetlilled-30x40-cm-25x35","status":"publish","type":"product","link":"https:\/\/teemanditikand.ee\/en\/product\/planeetlilled-30x40-cm-25x35\/","title":{"rendered":"Planeet&#038;Lilled 30&#215;40 cm (25&#215;35)"},"content":{"rendered":"","protected":false},"excerpt":{"rendered":"<p><strong>\u00f5igi meie m\u00fc\u00fcdavate teemanditikanditega on kaasas: Kvaliteetne alus(liimiga) kuhu paigaldate teemandid, akr\u00fc\u00fclteemandid, alus teemandite hoidmiseks, paigalduspliiats, vaha paigalduspliiatsile<\/strong><\/p>","protected":false},"featured_media":20068,"template":"","meta":[],"product_brand":[],"product_cat":[74,20,60,56],"product_tag":[],"class_list":{"0":"post-20067","1":"product","2":"type-product","3":"status-publish","4":"has-post-thumbnail","6":"product_cat-25x35-cm","7":"product_cat-30x40cm","8":"product_cat-lilled","9":"product_cat-loodus","10":"thunk-woo-product-list","11":"opn-qv-enable","12":"open-woo-hover-none","13":"open-single-product-tab-horizontal","14":"open-shadow-","15":"open-shadow-hover-","17":"first","18":"instock","19":"shipping-taxable","20":"purchasable","21":"product-type-simple"},"_links":{"self":[{"href":"https:\/\/teemanditikand.ee\/en\/wp-json\/wp\/v2\/product\/20067","targetHints":{"allow":["GET"]}}],"collection":[{"href":"https:\/\/teemanditikand.ee\/en\/wp-json\/wp\/v2\/product"}],"about":[{"href":"https:\/\/teemanditikand.ee\/en\/wp-json\/wp\/v2\/types\/product"}],"wp:featuredmedia":[{"embeddable":true,"href":"https:\/\/teemanditikand.ee\/en\/wp-json\/wp\/v2\/media\/20068"}],"wp:attachment":[{"href":"https:\/\/teemanditikand.ee\/en\/wp-json\/wp\/v2\/media?parent=20067"}],"wp:term":[{"taxonomy":"product_brand","embeddable":true,"href":"https:\/\/teemanditikand.ee\/en\/wp-json\/wp\/v2\/product_brand?post=20067"},{"taxonomy":"product_cat","embeddable":true,"href":"https:\/\/teemanditikand.ee\/en\/wp-json\/wp\/v2\/product_cat?post=20067"},{"taxonomy":"product_tag","embeddable":true,"href":"https:\/\/teemanditikand.ee\/en\/wp-json\/wp\/v2\/product_tag?post=20067"}],"curies":[{"name":"wp","href":"https:\/\/api.w.org\/{rel}","templated":true}]}}