{"id":20283,"date":"2026-01-15T10:06:31","date_gmt":"2026-01-15T08:06:31","guid":{"rendered":"https:\/\/teemanditikand.ee\/?post_type=product&#038;p=20283"},"modified":"2026-01-15T10:06:47","modified_gmt":"2026-01-15T08:06:47","slug":"4-pildid-30x30-lilled-lehm-cm-25x25","status":"publish","type":"product","link":"https:\/\/teemanditikand.ee\/en\/product\/4-pildid-30x30-lilled-lehm-cm-25x25\/","title":{"rendered":"4 pildid 30&#215;30 lilled, lehm cm (25&#215;25)"},"content":{"rendered":"","protected":false},"excerpt":{"rendered":"<p><strong>K\u00f5igi meie m\u00fc\u00fcdavate teemanditikanditega on kaasas: Kvaliteetne alus(liimiga) kuhu paigalda<\/strong><strong>te teemandid, akr\u00fc\u00fclteemandid, alus teemandite hoidmiseks, paigalduspliiats, vaha paigalduspliiatsile<\/strong><\/p>\n<p>4 komplektis<\/p>","protected":false},"featured_media":20284,"template":"","meta":[],"product_brand":[],"product_cat":[24,60,56,53],"product_tag":[],"class_list":{"0":"post-20283","1":"product","2":"type-product","3":"status-publish","4":"has-post-thumbnail","6":"product_cat-30x30cm","7":"product_cat-lilled","8":"product_cat-loodus","9":"product_cat-loomad","10":"thunk-woo-product-list","11":"opn-qv-enable","12":"open-woo-hover-none","13":"open-single-product-tab-horizontal","14":"open-shadow-","15":"open-shadow-hover-","17":"first","18":"instock","19":"shipping-taxable","20":"purchasable","21":"product-type-simple"},"_links":{"self":[{"href":"https:\/\/teemanditikand.ee\/en\/wp-json\/wp\/v2\/product\/20283","targetHints":{"allow":["GET"]}}],"collection":[{"href":"https:\/\/teemanditikand.ee\/en\/wp-json\/wp\/v2\/product"}],"about":[{"href":"https:\/\/teemanditikand.ee\/en\/wp-json\/wp\/v2\/types\/product"}],"wp:featuredmedia":[{"embeddable":true,"href":"https:\/\/teemanditikand.ee\/en\/wp-json\/wp\/v2\/media\/20284"}],"wp:attachment":[{"href":"https:\/\/teemanditikand.ee\/en\/wp-json\/wp\/v2\/media?parent=20283"}],"wp:term":[{"taxonomy":"product_brand","embeddable":true,"href":"https:\/\/teemanditikand.ee\/en\/wp-json\/wp\/v2\/product_brand?post=20283"},{"taxonomy":"product_cat","embeddable":true,"href":"https:\/\/teemanditikand.ee\/en\/wp-json\/wp\/v2\/product_cat?post=20283"},{"taxonomy":"product_tag","embeddable":true,"href":"https:\/\/teemanditikand.ee\/en\/wp-json\/wp\/v2\/product_tag?post=20283"}],"curies":[{"name":"wp","href":"https:\/\/api.w.org\/{rel}","templated":true}]}}