{"id":81,"date":"2020-12-27T21:32:31","date_gmt":"2020-12-27T19:32:31","guid":{"rendered":"https:\/\/teemanditikand.ee\/?page_id=81"},"modified":"2024-04-26T14:37:56","modified_gmt":"2024-04-26T12:37:56","slug":"muugitingimused","status":"publish","type":"page","link":"https:\/\/teemanditikand.ee\/fi\/muugitingimused\/","title":{"rendered":"Myyntiehdot"},"content":{"rendered":"<p>Verkkokaupan TEMANDITIKAND.EE (j\u00e4ljemp\u00e4n\u00e4 Verkkokauppa) yll\u00e4pit\u00e4j\u00e4 on O\u00dc Teemantmaalid<strong><em> (rekisterikoodi<\/em><\/strong> 16954859 ),<br>Sijaitsee S\u00f5bra 14, Tartto, Viro.<\/p>\n\n\n\n<p><br>Myyntisopimuksen voimassaolo, tavara- ja hintatiedot<br>Myyntiehdot koskevat tavaroiden ostamista Verkkokaupasta.<br>Verkkokaupassa myyt\u00e4vien tuotteiden hinnat on ilmoitettu tuotteiden vieress\u00e4. Hintaan lis\u00e4t\u00e4\u00e4n maksu<br>tavaroiden toimittamista varten.<br>Toimitusmaksu riippuu ostajan sijainnista ja toimitustavasta.<br>Toimituskulut n\u00e4kyv\u00e4t ostajalle tilauksen yhteydess\u00e4.<br>Tietoja tuotteista on Verkkokaupassa suoraan tuotteiden vieress\u00e4.<br>Tilauksen tekeminen<br>Tavaran tilaamiseksi sinun tulee lis\u00e4t\u00e4 haluamasi tuotteet ostoskoriin. Sinun tulee t\u00e4ytt\u00e4\u00e4 tilauslomake<br>pakolliset kent\u00e4t ja valitse tuotteille sopiva toimitustapa. Sitten n\u00e4ytet\u00e4\u00e4n<br>maksun suuruus, joka voidaan maksaa pankkilinkin tai muun maksutavan kautta.<br>Sopimus tulee voimaan, kun er\u00e4\u00e4ntynyt summa on saapunut Verkkokaupan k\u00e4ytt\u00f6tilille.<br>Jos tilattua tavaraa ei voida toimittaa tavaran loppumisen vuoksi tai jostain muusta syyst\u00e4,<br>Ostajalle on ilmoitettava mahdollisimman pian ja maksetut rahat (mukaan lukien tavarat) palautetaan<br>toimituskulut) v\u00e4litt\u00f6m\u00e4sti, mutta viimeist\u00e4\u00e4n 14 p\u00e4iv\u00e4n kuluessa ilmoituksesta.<br>Toimitus<br>Tavarat l\u00e4hetet\u00e4\u00e4n seuraaviin maihin: Viro<strong><em><br>L\u00e4hetyskulut maksaa ostaja ja vastaava hintatiedot n\u00e4kyv\u00e4t toimitustavan vieress\u00e4.<br>Viron sis\u00e4iset l\u00e4hetykset saapuvat yleens\u00e4 ostajan ilmoittamaan m\u00e4\u00e4r\u00e4np\u00e4\u00e4h\u00e4n 2-4 arkip\u00e4iv\u00e4n kuluessa<br>kauppasopimuksen voimaantulo. <br>Poikkeustapauksissa oikeus toimittaa tavarat enint\u00e4\u00e4n 45 kalenterip\u00e4iv\u00e4n kuluessa.<br>Peruuttamisoikeus<br>Tilauksen vastaanottamisen j\u00e4lkeen ostajalla on oikeus peruuttaa verkkokaupassa solmittu sopimus 14 p\u00e4iv\u00e4n kuluessa<br><br>Peruuttamisoikeus ei koske, jos ostaja on oikeushenkil\u00f6.<br><\/em><\/strong><\/p>\n\n\n\n<p><strong><em>14 p\u00e4iv\u00e4n palautusoikeuden k\u00e4ytt\u00e4miseksi tilattuja tuotteita ei saa k\u00e4ytt\u00e4\u00e4 mill\u00e4\u00e4n muulla tavalla kuin<br>on tarpeen tavaroiden luonteen, ominaisuuksien ja toiminnan toteamiseksi tavaroiden sallimalla tavalla<br>fyysisess\u00e4 kaupassa testattavaksi.<br>Jos tavaraa on k\u00e4ytetty muuhun kuin sen luonteen, ominaisuuksien ja<br>tai havaita k\u00e4yt\u00f6n tai kulumisen j\u00e4lki\u00e4, Verkkokaupalla on oikeus<br>alentaa palautettavaa maksua tavaran arvon alenemisen mukaan.<br>Tavaran palauttamista varten tulee j\u00e4tt\u00e4\u00e4 tavaran oston peruuttamishakemus, jonka lomake l\u00f6ytyy<br>t\u00e4\u00e4lt\u00e4: peruutushakemus ja l\u00e4het\u00e4 se s\u00e4hk\u00f6postiosoitteeseen viimeist\u00e4\u00e4n 14 p\u00e4iv\u00e4n kuluessa<br>kuitti.<br>Tavaran palautuskulut maksaa ostaja, ellei palautuksen syy ole<br>se, ett\u00e4 palautettava tuote ei vastaa tilattua (esim. v\u00e4\u00e4r\u00e4 tai viallinen tuote).<br>Ostajan on palautettava tavarat 14 p\u00e4iv\u00e4n kuluessa hakemuksen j\u00e4tt\u00e4misest\u00e4 tai todistettava, ett\u00e4:<br>h\u00e4n on luovuttanut tavarat rahdinkuljettajalle t\u00e4n\u00e4 aikana.<br>Verkkokauppa palauttaa palautetut tuotteet ostajalle v\u00e4litt\u00f6m\u00e4sti, kuitenkin viimeist\u00e4\u00e4n 14<br>p\u00e4iv\u00e4\u00e4 peruuttamishakemuksen vastaanottamisen j\u00e4lkeen, kaikki ostajalta sopimuksen mukaiset maksut.<br>Verkkokauppa voi kielt\u00e4yty\u00e4 palauttamasta rahoja niin kauan kuin sopimuksen kohde on olemassa<br>saatu takaisin.<br>Jos ostaja on nimenomaisesti valinnut verkkokaupan tarjoaman halvimman perinteisen tuotteen<br>muu toimitustapa kuin toimitustapa, Verkkokaupan ei tarvitse palauttaa sit\u00e4 kuluttajalle<br>kulu, joka ylitt\u00e4\u00e4 tavanomaisen toimitustavan kustannukset.<br>Verkkokaupalla on oikeus vet\u00e4yty\u00e4 kaupasta ja vaatia tavaran palautusta ostajalta, jos tavaran hinta<br>virheen vuoksi verkkokauppa on merkinnyt tavaran markkinahinnan selv\u00e4sti alle.<br><\/em><\/strong><em><strong>Oikeus tehd\u00e4 valitus<br><\/strong><\/em><strong><em>Verkkokauppa vastaa ostajalle myytyjen tuotteiden vaatimustenvastaisuudesta tai virheest\u00e4,<br>joka oli olemassa jo tavaran luovutushetkell\u00e4 ja joka ilmestyy kahden vuoden kuluessa tavarasta<br>siirt\u00e4\u00e4 ostajalle. Ensimm\u00e4isen kuuden kuukauden aikana toimitusp\u00e4iv\u00e4st\u00e4 ostajalle odotetaan, ett\u00e4:<br>puute oli olemassa jo siirtohetkell\u00e4. Verkkokauppa on kumottu<br>vaatimus.<br>Ostajalla on oikeus ottaa yhteytt\u00e4 verkkokauppaan viimeist\u00e4\u00e4n kahden kuukauden kuluessa l\u00e4hett\u00e4m\u00e4ll\u00e4 s\u00e4hk\u00f6postia osoitteeseen <\/em><\/strong><br><strong><em>info@teemanditikand.ee<\/em><\/strong>.<strong><em><br>Verkkokauppa ei vastaa virheist\u00e4, jotka ovat ilmenneet sen j\u00e4lkeen, kun tavara on toimitettu ostajalle.<br>Jos Verkkokaupasta ostetuissa tuotteissa on virheit\u00e4, joista Verkkokauppa vastaa, korjaa tai<br>vaihtaa vialliset tuotteet verkkokaupassa. Jos tavaraa ei voida korjata tai vaihtaa,<br>Verkkokauppa palauttaa ostajalle kaikki kauppasopimukseen liittyv\u00e4t maksut.<br>Verkkokauppa vastaa kuluttajan valitukseen kirjallisesti tai kirjallisella kopiolla<br>15 p\u00e4iv\u00e4n kuluessa.<br>Suoramarkkinointi ja henkil\u00f6tietojen k\u00e4sittely<br>Verkkokauppa k\u00e4ytt\u00e4\u00e4 ostajan antamia henkil\u00f6tietoja (mm. nimi, puhelinnumero, osoite, s\u00e4hk\u00f6postiosoite)<br>osoite, pankkitiedot) vain tilauksen k\u00e4sittely\u00e4 ja tavaran l\u00e4hett\u00e4mist\u00e4 ostajalle.<br>Verkkokauppa v\u00e4litt\u00e4\u00e4 henkil\u00f6tietoja kuljetusyrityksille toimitusta varten<br>tavaroita.<br>Verkkokauppa l\u00e4hett\u00e4\u00e4 ostajalle uutiskirjeit\u00e4 ja tarjouksia ostajan s\u00e4hk\u00f6postiosoitteeseen vain, jos ostaja<br>on ilmaissut haluavansa tehd\u00e4 niin sy\u00f6tt\u00e4m\u00e4ll\u00e4 s\u00e4hk\u00f6postiosoitteen verkkosivuille ja ilmoittanut haluavansa<br>vastaanottaaksesi suorapostiilmoituksia.<br>Ostaja voi milloin tahansa peruuttaa s\u00e4hk\u00f6postien tarjousten ja uutiskirjeiden tilauksen<br>ilmoita meille s\u00e4hk\u00f6postitse tai seuraamalla tarjoukset sis\u00e4lt\u00e4v\u00e4n s\u00e4hk\u00f6postin ohjeita.<br>Argumenttien ratkaiseminen<br>Mik\u00e4li ostajalla on verkkokauppaa koskevia valituksia, ne tulee l\u00e4hett\u00e4\u00e4 s\u00e4hk\u00f6postiosoitteeseen<\/em><\/strong> info@teemanditikand.ee tai<br>soita puhelimitse: <strong><em>+372 566 370 89<\/em><\/strong><br>Jos ostaja ja Verkkokauppa eiv\u00e4t pysty ratkaisemaan riitaa sopimuksella, ostaja pystyy siihen<br>k\u00e4\u00e4nty\u00e4 kuluttajariitalautakunnan puoleen. Menettelyehdot ja hakemus ovat saatavilla<br>l\u00e4het\u00e4 t\u00e4nne. Kuluttajariitalautakunta on toimivaltainen ratkaisemaan ostajan ja verkkokaupan v\u00e4lisen sopimuksen<br>sopimuksesta johtuvat riidat. Ostajan valituksen k\u00e4sittely komissiossa on maksutonta.<br>Ostaja voi k\u00e4\u00e4nty\u00e4 Euroopan unionin kuluttajariitojen ratkaisufoorumin puoleen.<\/p>\n\n\n\n<p><\/p>","protected":false},"excerpt":{"rendered":"<p>Veebipoe TEEMANDITIKAND.EE (edaspidi Veebipood) haldaja on O\u00dc Teemantmaalid (registrikood 16954859 ),Asukohaga S\u00f5bra 14, Tartu, Eesti. M\u00fc\u00fcgilepingu kehtivus, kauba- ja hinnainfoM\u00fc\u00fcgitingimused kehtivad Veebipoest kaupade ostmisel.Veebipoes m\u00fc\u00fcdavate toodete hinnad on m\u00e4rgitud toodete juurde. Hinnale lisandub tasukauba k\u00e4ttetoimetamise eest.Kauba k\u00e4ttetoimetamise tasu s\u00f5ltub ostja asukohast ning k\u00e4ttetoimetamise viisist.K\u00e4ttetoimetamise tasu kuvatakse ostjale tellimuse vormistamisel.Teave kauba kohta on esitatud Veebipoes vahetult &hellip;<\/p>\n<p class=\"read-more\"> <a class=\"thunk-readmore button\" href=\"https:\/\/teemanditikand.ee\/fi\/muugitingimused\/\"> <span class=\"screen-reader-text\">Myyntiehdot<\/span>Read More<\/a><\/p>","protected":false},"author":1,"featured_media":0,"parent":0,"menu_order":0,"comment_status":"closed","ping_status":"closed","template":"","meta":{"footnotes":""},"class_list":["post-81","page","type-page","status-publish","hentry","thunk-woo-product-list","opn-qv-enable","open-woo-hover-none","open-single-product-tab-horizontal","open-shadow-","open-shadow-hover-"],"_links":{"self":[{"href":"https:\/\/teemanditikand.ee\/fi\/wp-json\/wp\/v2\/pages\/81","targetHints":{"allow":["GET"]}}],"collection":[{"href":"https:\/\/teemanditikand.ee\/fi\/wp-json\/wp\/v2\/pages"}],"about":[{"href":"https:\/\/teemanditikand.ee\/fi\/wp-json\/wp\/v2\/types\/page"}],"author":[{"embeddable":true,"href":"https:\/\/teemanditikand.ee\/fi\/wp-json\/wp\/v2\/users\/1"}],"replies":[{"embeddable":true,"href":"https:\/\/teemanditikand.ee\/fi\/wp-json\/wp\/v2\/comments?post=81"}],"version-history":[{"count":3,"href":"https:\/\/teemanditikand.ee\/fi\/wp-json\/wp\/v2\/pages\/81\/revisions"}],"predecessor-version":[{"id":13558,"href":"https:\/\/teemanditikand.ee\/fi\/wp-json\/wp\/v2\/pages\/81\/revisions\/13558"}],"wp:attachment":[{"href":"https:\/\/teemanditikand.ee\/fi\/wp-json\/wp\/v2\/media?parent=81"}],"curies":[{"name":"wp","href":"https:\/\/api.w.org\/{rel}","templated":true}]}}