{"id":14843,"date":"2024-10-07T08:03:57","date_gmt":"2024-10-07T06:03:57","guid":{"rendered":"https:\/\/teemanditikand.ee\/?post_type=product&#038;p=14843"},"modified":"2025-10-02T20:51:18","modified_gmt":"2025-10-02T18:51:18","slug":"onnitluskaardid-8tk","status":"publish","type":"product","link":"https:\/\/teemanditikand.ee\/fi\/tuote\/onnitluskaardid-8tk\/","title":{"rendered":"Onnittelukortit 8 kpl"},"content":{"rendered":"","protected":false},"excerpt":{"rendered":"<p>Sinun t\u00e4ytyy olla valmis kirjomaan itse<\/p>\n<p><strong>Kaikki myym\u00e4mme timanttikirjonta sis\u00e4lt\u00e4\u00e4:<\/strong><br \/>\n<strong>Laadukas alusta (liimalla), johon kiinnit\u00e4t timantteja, akryylitimantteja, alusta timanttien s\u00e4ilytykseen, asennuskyn\u00e4 ja vaha asennuskyn\u00e4lle<\/strong><\/p>","protected":false},"featured_media":17085,"template":"","meta":[],"product_brand":[],"product_cat":[49],"product_tag":[],"class_list":{"0":"post-14843","1":"product","2":"type-product","3":"status-publish","4":"has-post-thumbnail","6":"product_cat-muud-tooted","7":"thunk-woo-product-list","8":"opn-qv-enable","9":"open-woo-hover-none","10":"open-single-product-tab-horizontal","11":"open-shadow-","12":"open-shadow-hover-","14":"first","15":"instock","16":"sale","17":"shipping-taxable","18":"purchasable","19":"product-type-simple"},"_links":{"self":[{"href":"https:\/\/teemanditikand.ee\/fi\/wp-json\/wp\/v2\/product\/14843","targetHints":{"allow":["GET"]}}],"collection":[{"href":"https:\/\/teemanditikand.ee\/fi\/wp-json\/wp\/v2\/product"}],"about":[{"href":"https:\/\/teemanditikand.ee\/fi\/wp-json\/wp\/v2\/types\/product"}],"wp:featuredmedia":[{"embeddable":true,"href":"https:\/\/teemanditikand.ee\/fi\/wp-json\/wp\/v2\/media\/17085"}],"wp:attachment":[{"href":"https:\/\/teemanditikand.ee\/fi\/wp-json\/wp\/v2\/media?parent=14843"}],"wp:term":[{"taxonomy":"product_brand","embeddable":true,"href":"https:\/\/teemanditikand.ee\/fi\/wp-json\/wp\/v2\/product_brand?post=14843"},{"taxonomy":"product_cat","embeddable":true,"href":"https:\/\/teemanditikand.ee\/fi\/wp-json\/wp\/v2\/product_cat?post=14843"},{"taxonomy":"product_tag","embeddable":true,"href":"https:\/\/teemanditikand.ee\/fi\/wp-json\/wp\/v2\/product_tag?post=14843"}],"curies":[{"name":"wp","href":"https:\/\/api.w.org\/{rel}","templated":true}]}}