{"id":14867,"date":"2024-10-07T08:18:55","date_gmt":"2024-10-07T06:18:55","guid":{"rendered":"https:\/\/teemanditikand.ee\/?post_type=product&#038;p=14867"},"modified":"2026-02-15T11:10:31","modified_gmt":"2026-02-15T09:10:31","slug":"flamingod-30x50-cm","status":"publish","type":"product","link":"https:\/\/teemanditikand.ee\/fi\/tuote\/flamingod-30x50-cm\/","title":{"rendered":"Flamingot 30\u00d750 cm"},"content":{"rendered":"","protected":false},"excerpt":{"rendered":"<p><strong>Kaikki myym\u00e4mme timanttikirjonta sis\u00e4lt\u00e4\u00e4:<\/strong><br \/>\n<strong>Laadukas alusta (liimalla), johon kiinnit\u00e4t timantteja, akryylitimantteja, alusta timanttien s\u00e4ilytykseen, asennuskyn\u00e4 ja vaha asennuskyn\u00e4lle<\/strong><\/p>","protected":false},"featured_media":14868,"template":"","meta":[],"product_brand":[],"product_cat":[30,31,33,65,56],"product_tag":[],"class_list":{"0":"post-14867","1":"product","2":"type-product","3":"status-publish","4":"has-post-thumbnail","6":"product_cat-30x50","7":"product_cat-30x50-cm-2","8":"product_cat-30x50-cm","9":"product_cat-linnud","10":"product_cat-loodus","11":"thunk-woo-product-list","12":"opn-qv-enable","13":"open-woo-hover-none","14":"open-single-product-tab-horizontal","15":"open-shadow-","16":"open-shadow-hover-","18":"first","19":"instock","20":"shipping-taxable","21":"purchasable","22":"product-type-simple"},"_links":{"self":[{"href":"https:\/\/teemanditikand.ee\/fi\/wp-json\/wp\/v2\/product\/14867","targetHints":{"allow":["GET"]}}],"collection":[{"href":"https:\/\/teemanditikand.ee\/fi\/wp-json\/wp\/v2\/product"}],"about":[{"href":"https:\/\/teemanditikand.ee\/fi\/wp-json\/wp\/v2\/types\/product"}],"wp:featuredmedia":[{"embeddable":true,"href":"https:\/\/teemanditikand.ee\/fi\/wp-json\/wp\/v2\/media\/14868"}],"wp:attachment":[{"href":"https:\/\/teemanditikand.ee\/fi\/wp-json\/wp\/v2\/media?parent=14867"}],"wp:term":[{"taxonomy":"product_brand","embeddable":true,"href":"https:\/\/teemanditikand.ee\/fi\/wp-json\/wp\/v2\/product_brand?post=14867"},{"taxonomy":"product_cat","embeddable":true,"href":"https:\/\/teemanditikand.ee\/fi\/wp-json\/wp\/v2\/product_cat?post=14867"},{"taxonomy":"product_tag","embeddable":true,"href":"https:\/\/teemanditikand.ee\/fi\/wp-json\/wp\/v2\/product_tag?post=14867"}],"curies":[{"name":"wp","href":"https:\/\/api.w.org\/{rel}","templated":true}]}}