{"id":14904,"date":"2024-10-07T13:39:17","date_gmt":"2024-10-07T11:39:17","guid":{"rendered":"https:\/\/teemanditikand.ee\/?post_type=product&#038;p=14904"},"modified":"2025-12-02T14:49:58","modified_gmt":"2025-12-02T12:49:58","slug":"vesiroosidkosk-40x80-cm","status":"publish","type":"product","link":"https:\/\/teemanditikand.ee\/fi\/tuote\/vesiroosidkosk-40x80-cm\/","title":{"rendered":"Lumpeet ja vesiputous 40\u00d780 cm"},"content":{"rendered":"","protected":false},"excerpt":{"rendered":"<p><strong>Kaikki myym\u00e4mme timanttikirjonta sis\u00e4lt\u00e4\u00e4:<\/strong><br \/>\n<strong>Laadukas alusta (liimalla), johon kiinnit\u00e4t timantteja, akryylitimantteja, alusta timanttien s\u00e4ilytykseen, asennuskyn\u00e4 ja vaha asennuskyn\u00e4lle<\/strong><\/p>","protected":false},"featured_media":14907,"template":"","meta":[],"product_brand":[],"product_cat":[34,60,56],"product_tag":[],"class_list":{"0":"post-14904","1":"product","2":"type-product","3":"status-publish","4":"has-post-thumbnail","6":"product_cat-40x80-cm","7":"product_cat-lilled","8":"product_cat-loodus","9":"thunk-woo-product-list","10":"opn-qv-enable","11":"open-woo-hover-none","12":"open-single-product-tab-horizontal","13":"open-shadow-","14":"open-shadow-hover-","16":"first","17":"instock","18":"shipping-taxable","19":"purchasable","20":"product-type-simple"},"_links":{"self":[{"href":"https:\/\/teemanditikand.ee\/fi\/wp-json\/wp\/v2\/product\/14904","targetHints":{"allow":["GET"]}}],"collection":[{"href":"https:\/\/teemanditikand.ee\/fi\/wp-json\/wp\/v2\/product"}],"about":[{"href":"https:\/\/teemanditikand.ee\/fi\/wp-json\/wp\/v2\/types\/product"}],"wp:featuredmedia":[{"embeddable":true,"href":"https:\/\/teemanditikand.ee\/fi\/wp-json\/wp\/v2\/media\/14907"}],"wp:attachment":[{"href":"https:\/\/teemanditikand.ee\/fi\/wp-json\/wp\/v2\/media?parent=14904"}],"wp:term":[{"taxonomy":"product_brand","embeddable":true,"href":"https:\/\/teemanditikand.ee\/fi\/wp-json\/wp\/v2\/product_brand?post=14904"},{"taxonomy":"product_cat","embeddable":true,"href":"https:\/\/teemanditikand.ee\/fi\/wp-json\/wp\/v2\/product_cat?post=14904"},{"taxonomy":"product_tag","embeddable":true,"href":"https:\/\/teemanditikand.ee\/fi\/wp-json\/wp\/v2\/product_tag?post=14904"}],"curies":[{"name":"wp","href":"https:\/\/api.w.org\/{rel}","templated":true}]}}