{"id":16704,"date":"2025-02-12T18:36:31","date_gmt":"2025-02-12T16:36:31","guid":{"rendered":"https:\/\/teemanditikand.ee\/?post_type=product&#038;p=16704"},"modified":"2025-02-12T18:36:32","modified_gmt":"2025-02-12T16:36:32","slug":"kasslilled-30x40-cm-25x35","status":"publish","type":"product","link":"https:\/\/teemanditikand.ee\/fi\/tuote\/kasslilled-30x40-cm-25x35\/","title":{"rendered":"Cat &amp; Flowers 30\u00d740 cm (25\u00d735)"},"content":{"rendered":"","protected":false},"excerpt":{"rendered":"<h4 id=\"tw-target-text\" class=\"tw-data-text tw-text-large tw-ta\" dir=\"ltr\" data-placeholder=\"T\u00f5lge\"><strong><span class=\"Y2IQFc\" lang=\"et\">Kankaan koko: 30\u00d740 cm Kuvan koko: 25\u00d735 cm<\/span><\/strong><\/h4>\n<p>Kaikki myym\u00e4mme timanttikirjonta toimitetaan: Laadukas pohja (liimalla), johon kiinnit\u00e4t timantit, akryylitimantit, pohja timanttien s\u00e4ilytykseen, asennuskyn\u00e4, vaha asennuskyn\u00e4lle<\/p>","protected":false},"featured_media":16705,"template":"","meta":[],"product_brand":[],"product_cat":[74,60,53],"product_tag":[],"class_list":{"0":"post-16704","1":"product","2":"type-product","3":"status-publish","4":"has-post-thumbnail","6":"product_cat-25x35-cm","7":"product_cat-lilled","8":"product_cat-loomad","9":"thunk-woo-product-list","10":"opn-qv-enable","11":"open-woo-hover-none","12":"open-single-product-tab-horizontal","13":"open-shadow-","14":"open-shadow-hover-","16":"first","17":"instock","18":"shipping-taxable","19":"purchasable","20":"product-type-simple"},"_links":{"self":[{"href":"https:\/\/teemanditikand.ee\/fi\/wp-json\/wp\/v2\/product\/16704","targetHints":{"allow":["GET"]}}],"collection":[{"href":"https:\/\/teemanditikand.ee\/fi\/wp-json\/wp\/v2\/product"}],"about":[{"href":"https:\/\/teemanditikand.ee\/fi\/wp-json\/wp\/v2\/types\/product"}],"wp:featuredmedia":[{"embeddable":true,"href":"https:\/\/teemanditikand.ee\/fi\/wp-json\/wp\/v2\/media\/16705"}],"wp:attachment":[{"href":"https:\/\/teemanditikand.ee\/fi\/wp-json\/wp\/v2\/media?parent=16704"}],"wp:term":[{"taxonomy":"product_brand","embeddable":true,"href":"https:\/\/teemanditikand.ee\/fi\/wp-json\/wp\/v2\/product_brand?post=16704"},{"taxonomy":"product_cat","embeddable":true,"href":"https:\/\/teemanditikand.ee\/fi\/wp-json\/wp\/v2\/product_cat?post=16704"},{"taxonomy":"product_tag","embeddable":true,"href":"https:\/\/teemanditikand.ee\/fi\/wp-json\/wp\/v2\/product_tag?post=16704"}],"curies":[{"name":"wp","href":"https:\/\/api.w.org\/{rel}","templated":true}]}}