{"id":17465,"date":"2025-03-11T13:21:51","date_gmt":"2025-03-11T11:21:51","guid":{"rendered":"https:\/\/teemanditikand.ee\/?post_type=product&#038;p=17465"},"modified":"2026-05-06T10:54:55","modified_gmt":"2026-05-06T08:54:55","slug":"peatselt-saabuv-ookull-40x50-cm","status":"publish","type":"product","link":"https:\/\/teemanditikand.ee\/fi\/tuote\/peatselt-saabuv-ookull-40x50-cm\/","title":{"rendered":"P\u00f6ll\u00f6 40 \u00d7 50 cm"},"content":{"rendered":"","protected":false},"excerpt":{"rendered":"<p><strong>Kaikki myym\u00e4mme timanttikirjonta sis\u00e4lt\u00e4\u00e4:<\/strong><br \/>\n<strong>Laadukas alusta (liimalla), johon kiinnit\u00e4t timantteja, akryylitimantteja, alusta timanttien s\u00e4ilytykseen, kiinnityskyn\u00e4 sormipehmusteella ja vaha kiinnityskyn\u00e4lle<\/strong><\/p>","protected":false},"featured_media":17468,"template":"","meta":[],"product_brand":[],"product_cat":[22,65],"product_tag":[],"class_list":{"0":"post-17465","1":"product","2":"type-product","3":"status-publish","4":"has-post-thumbnail","6":"product_cat-40x50cm","7":"product_cat-linnud","8":"thunk-woo-product-list","9":"opn-qv-enable","10":"open-woo-hover-none","11":"open-single-product-tab-horizontal","12":"open-shadow-","13":"open-shadow-hover-","15":"first","16":"instock","17":"shipping-taxable","18":"purchasable","19":"product-type-variable"},"_links":{"self":[{"href":"https:\/\/teemanditikand.ee\/fi\/wp-json\/wp\/v2\/product\/17465","targetHints":{"allow":["GET"]}}],"collection":[{"href":"https:\/\/teemanditikand.ee\/fi\/wp-json\/wp\/v2\/product"}],"about":[{"href":"https:\/\/teemanditikand.ee\/fi\/wp-json\/wp\/v2\/types\/product"}],"wp:featuredmedia":[{"embeddable":true,"href":"https:\/\/teemanditikand.ee\/fi\/wp-json\/wp\/v2\/media\/17468"}],"wp:attachment":[{"href":"https:\/\/teemanditikand.ee\/fi\/wp-json\/wp\/v2\/media?parent=17465"}],"wp:term":[{"taxonomy":"product_brand","embeddable":true,"href":"https:\/\/teemanditikand.ee\/fi\/wp-json\/wp\/v2\/product_brand?post=17465"},{"taxonomy":"product_cat","embeddable":true,"href":"https:\/\/teemanditikand.ee\/fi\/wp-json\/wp\/v2\/product_cat?post=17465"},{"taxonomy":"product_tag","embeddable":true,"href":"https:\/\/teemanditikand.ee\/fi\/wp-json\/wp\/v2\/product_tag?post=17465"}],"curies":[{"name":"wp","href":"https:\/\/api.w.org\/{rel}","templated":true}]}}