{"id":17621,"date":"2025-03-31T12:46:44","date_gmt":"2025-03-31T10:46:44","guid":{"rendered":"https:\/\/teemanditikand.ee\/?post_type=product&#038;p=17621"},"modified":"2025-10-07T07:15:51","modified_gmt":"2025-10-07T05:15:51","slug":"haldjad-30x30-cm-25x25","status":"publish","type":"product","link":"https:\/\/teemanditikand.ee\/fi\/tuote\/haldjad-30x30-cm-25x25\/","title":{"rendered":"Haldjad 30&#215;30 cm (25&#215;25)"},"content":{"rendered":"","protected":false},"excerpt":{"rendered":"<h4 id=\"tw-target-text\" class=\"tw-data-text tw-text-large tw-ta\" dir=\"ltr\" data-placeholder=\"T\u00f5lge\"><strong><span class=\"Y2IQFc\" lang=\"et\">Kankaan koko: 30\u00d730 cm Kuvan koko: 25\u00d725 cm<\/span><\/strong><\/h4>\n<p>Kaikki myym\u00e4mme timanttikirjonta toimitetaan: Laadukas pohja (liimalla), johon kiinnit\u00e4t timantit, akryylitimantit, pohja timanttien s\u00e4ilytykseen, asennuskyn\u00e4, vaha asennuskyn\u00e4lle<\/p>","protected":false},"featured_media":17622,"template":"","meta":[],"product_brand":[],"product_cat":[24,64],"product_tag":[],"class_list":{"0":"post-17621","1":"product","2":"type-product","3":"status-publish","4":"has-post-thumbnail","6":"product_cat-30x30cm","7":"product_cat-kaunitarid","8":"thunk-woo-product-list","9":"opn-qv-enable","10":"open-woo-hover-none","11":"open-single-product-tab-horizontal","12":"open-shadow-","13":"open-shadow-hover-","15":"first","16":"instock","17":"sale","18":"shipping-taxable","19":"purchasable","20":"product-type-simple"},"_links":{"self":[{"href":"https:\/\/teemanditikand.ee\/fi\/wp-json\/wp\/v2\/product\/17621","targetHints":{"allow":["GET"]}}],"collection":[{"href":"https:\/\/teemanditikand.ee\/fi\/wp-json\/wp\/v2\/product"}],"about":[{"href":"https:\/\/teemanditikand.ee\/fi\/wp-json\/wp\/v2\/types\/product"}],"wp:featuredmedia":[{"embeddable":true,"href":"https:\/\/teemanditikand.ee\/fi\/wp-json\/wp\/v2\/media\/17622"}],"wp:attachment":[{"href":"https:\/\/teemanditikand.ee\/fi\/wp-json\/wp\/v2\/media?parent=17621"}],"wp:term":[{"taxonomy":"product_brand","embeddable":true,"href":"https:\/\/teemanditikand.ee\/fi\/wp-json\/wp\/v2\/product_brand?post=17621"},{"taxonomy":"product_cat","embeddable":true,"href":"https:\/\/teemanditikand.ee\/fi\/wp-json\/wp\/v2\/product_cat?post=17621"},{"taxonomy":"product_tag","embeddable":true,"href":"https:\/\/teemanditikand.ee\/fi\/wp-json\/wp\/v2\/product_tag?post=17621"}],"curies":[{"name":"wp","href":"https:\/\/api.w.org\/{rel}","templated":true}]}}