{"id":18278,"date":"2025-06-02T10:27:00","date_gmt":"2025-06-02T08:27:00","guid":{"rendered":"https:\/\/teemanditikand.ee\/?post_type=product&#038;p=18278"},"modified":"2025-06-02T10:27:00","modified_gmt":"2025-06-02T08:27:00","slug":"paikeseloojang-30x40-cm-25x35-2","status":"publish","type":"product","link":"https:\/\/teemanditikand.ee\/fi\/tuote\/paikeseloojang-30x40-cm-25x35-2\/","title":{"rendered":"Auringonlasku 30\u00d740 cm (25\u00d735)"},"content":{"rendered":"","protected":false},"excerpt":{"rendered":"<h4 id=\"tw-target-text\" class=\"tw-data-text tw-text-large tw-ta\" dir=\"ltr\" data-placeholder=\"T\u00f5lge\"><strong><span class=\"Y2IQFc\" lang=\"et\">Kankaan koko: 30\u00d740 cm Kuvan koko: 25\u00d735 cm<\/span><\/strong><\/h4>\n<p>Kaikki myym\u00e4mme timanttikirjonta toimitetaan: Korkealaatuinen alusta (liimalla), johon kiinnit\u00e4t timantit, akryylitimantit, alusta timanttien s\u00e4ilytykseen, asennuskyn\u00e4, vahakiinnityskyn\u00e4<\/p>","protected":false},"featured_media":18279,"template":"","meta":[],"product_brand":[],"product_cat":[74,56],"product_tag":[],"class_list":{"0":"post-18278","1":"product","2":"type-product","3":"status-publish","4":"has-post-thumbnail","6":"product_cat-25x35-cm","7":"product_cat-loodus","8":"thunk-woo-product-list","9":"opn-qv-enable","10":"open-woo-hover-none","11":"open-single-product-tab-horizontal","12":"open-shadow-","13":"open-shadow-hover-","15":"first","16":"instock","17":"shipping-taxable","18":"purchasable","19":"product-type-simple"},"_links":{"self":[{"href":"https:\/\/teemanditikand.ee\/fi\/wp-json\/wp\/v2\/product\/18278","targetHints":{"allow":["GET"]}}],"collection":[{"href":"https:\/\/teemanditikand.ee\/fi\/wp-json\/wp\/v2\/product"}],"about":[{"href":"https:\/\/teemanditikand.ee\/fi\/wp-json\/wp\/v2\/types\/product"}],"wp:featuredmedia":[{"embeddable":true,"href":"https:\/\/teemanditikand.ee\/fi\/wp-json\/wp\/v2\/media\/18279"}],"wp:attachment":[{"href":"https:\/\/teemanditikand.ee\/fi\/wp-json\/wp\/v2\/media?parent=18278"}],"wp:term":[{"taxonomy":"product_brand","embeddable":true,"href":"https:\/\/teemanditikand.ee\/fi\/wp-json\/wp\/v2\/product_brand?post=18278"},{"taxonomy":"product_cat","embeddable":true,"href":"https:\/\/teemanditikand.ee\/fi\/wp-json\/wp\/v2\/product_cat?post=18278"},{"taxonomy":"product_tag","embeddable":true,"href":"https:\/\/teemanditikand.ee\/fi\/wp-json\/wp\/v2\/product_tag?post=18278"}],"curies":[{"name":"wp","href":"https:\/\/api.w.org\/{rel}","templated":true}]}}