{"id":18495,"date":"2025-06-25T18:31:57","date_gmt":"2025-06-25T16:31:57","guid":{"rendered":"https:\/\/teemanditikand.ee\/?post_type=product&#038;p=18495"},"modified":"2025-07-09T13:43:21","modified_gmt":"2025-07-09T11:43:21","slug":"peatselt-saabuv-ja-tellitud-kilpkonn-60x70-cm","status":"publish","type":"product","link":"https:\/\/teemanditikand.ee\/fi\/tuote\/peatselt-saabuv-ja-tellitud-kilpkonn-60x70-cm\/","title":{"rendered":"Kilpkonn 60&#215;70 cm (KOHE OLEMAS)"},"content":{"rendered":"","protected":false},"excerpt":{"rendered":"<p><strong>Kaikki myym\u00e4mme timanttikirjonta sis\u00e4lt\u00e4\u00e4:<\/strong><br \/>\n<strong>Laadukas alusta (liimalla), johon kiinnit\u00e4t timantteja, akryylitimantteja, alusta timanttien s\u00e4ilytykseen, kiinnityskyn\u00e4 sormipehmusteella ja vaha kiinnityskyn\u00e4lle<\/strong><\/p>","protected":false},"featured_media":18496,"template":"","meta":[],"product_brand":[],"product_cat":[27,56],"product_tag":[],"class_list":{"0":"post-18495","1":"product","2":"type-product","3":"status-publish","4":"has-post-thumbnail","6":"product_cat-60x70cm","7":"product_cat-loodus","8":"thunk-woo-product-list","9":"opn-qv-enable","10":"open-woo-hover-none","11":"open-single-product-tab-horizontal","12":"open-shadow-","13":"open-shadow-hover-","15":"first","16":"instock","17":"shipping-taxable","18":"purchasable","19":"product-type-simple"},"_links":{"self":[{"href":"https:\/\/teemanditikand.ee\/fi\/wp-json\/wp\/v2\/product\/18495","targetHints":{"allow":["GET"]}}],"collection":[{"href":"https:\/\/teemanditikand.ee\/fi\/wp-json\/wp\/v2\/product"}],"about":[{"href":"https:\/\/teemanditikand.ee\/fi\/wp-json\/wp\/v2\/types\/product"}],"wp:featuredmedia":[{"embeddable":true,"href":"https:\/\/teemanditikand.ee\/fi\/wp-json\/wp\/v2\/media\/18496"}],"wp:attachment":[{"href":"https:\/\/teemanditikand.ee\/fi\/wp-json\/wp\/v2\/media?parent=18495"}],"wp:term":[{"taxonomy":"product_brand","embeddable":true,"href":"https:\/\/teemanditikand.ee\/fi\/wp-json\/wp\/v2\/product_brand?post=18495"},{"taxonomy":"product_cat","embeddable":true,"href":"https:\/\/teemanditikand.ee\/fi\/wp-json\/wp\/v2\/product_cat?post=18495"},{"taxonomy":"product_tag","embeddable":true,"href":"https:\/\/teemanditikand.ee\/fi\/wp-json\/wp\/v2\/product_tag?post=18495"}],"curies":[{"name":"wp","href":"https:\/\/api.w.org\/{rel}","templated":true}]}}