{"id":18597,"date":"2025-07-17T09:02:33","date_gmt":"2025-07-17T07:02:33","guid":{"rendered":"https:\/\/teemanditikand.ee\/?post_type=product&#038;p=18597"},"modified":"2025-07-17T09:02:33","modified_gmt":"2025-07-17T07:02:33","slug":"lovi-40x40-cm-35x35-2","status":"publish","type":"product","link":"https:\/\/teemanditikand.ee\/fi\/tuote\/lovi-40x40-cm-35x35-2\/","title":{"rendered":"L\u00f5vi 40&#215;40 cm (35&#215;35)"},"content":{"rendered":"","protected":false},"excerpt":{"rendered":"<h4 id=\"tw-target-text\" class=\"tw-data-text tw-text-large tw-ta\" dir=\"ltr\" data-placeholder=\"T\u00f5lge\"><strong><span class=\"Y2IQFc\" lang=\"et\">Kankaan koko: 40\u00d740 cm Kuvan koko: 35\u00d735 cm<\/span><\/strong><\/h4>\n<p>K\u00f5igi meie m\u00fc\u00fcdavate teemanditikanditega on kaasas: Kvaliteetne alus(liimiga) kuhu paigaldate teemandid, akr\u00fc\u00fclteemandid, alus teemandite hoidmiseks, paigalduspliiats, vaha paigalduspliiats<\/p>","protected":false},"featured_media":18598,"template":"","meta":[],"product_brand":[],"product_cat":[21,60,56,53],"product_tag":[],"class_list":{"0":"post-18597","1":"product","2":"type-product","3":"status-publish","4":"has-post-thumbnail","6":"product_cat-40x40cm","7":"product_cat-lilled","8":"product_cat-loodus","9":"product_cat-loomad","10":"thunk-woo-product-list","11":"opn-qv-enable","12":"open-woo-hover-none","13":"open-single-product-tab-horizontal","14":"open-shadow-","15":"open-shadow-hover-","17":"first","18":"instock","19":"shipping-taxable","20":"purchasable","21":"product-type-simple"},"_links":{"self":[{"href":"https:\/\/teemanditikand.ee\/fi\/wp-json\/wp\/v2\/product\/18597","targetHints":{"allow":["GET"]}}],"collection":[{"href":"https:\/\/teemanditikand.ee\/fi\/wp-json\/wp\/v2\/product"}],"about":[{"href":"https:\/\/teemanditikand.ee\/fi\/wp-json\/wp\/v2\/types\/product"}],"wp:featuredmedia":[{"embeddable":true,"href":"https:\/\/teemanditikand.ee\/fi\/wp-json\/wp\/v2\/media\/18598"}],"wp:attachment":[{"href":"https:\/\/teemanditikand.ee\/fi\/wp-json\/wp\/v2\/media?parent=18597"}],"wp:term":[{"taxonomy":"product_brand","embeddable":true,"href":"https:\/\/teemanditikand.ee\/fi\/wp-json\/wp\/v2\/product_brand?post=18597"},{"taxonomy":"product_cat","embeddable":true,"href":"https:\/\/teemanditikand.ee\/fi\/wp-json\/wp\/v2\/product_cat?post=18597"},{"taxonomy":"product_tag","embeddable":true,"href":"https:\/\/teemanditikand.ee\/fi\/wp-json\/wp\/v2\/product_tag?post=18597"}],"curies":[{"name":"wp","href":"https:\/\/api.w.org\/{rel}","templated":true}]}}