{"id":18950,"date":"2025-09-18T11:13:13","date_gmt":"2025-09-18T09:13:13","guid":{"rendered":"https:\/\/teemanditikand.ee\/?post_type=product&#038;p=18950"},"modified":"2025-12-30T16:25:26","modified_gmt":"2025-12-30T14:25:26","slug":"piiratud-kogus-ja-peatselt-saabuv-luiged-40x80-cm","status":"publish","type":"product","link":"https:\/\/teemanditikand.ee\/fi\/tuote\/piiratud-kogus-ja-peatselt-saabuv-luiged-40x80-cm\/","title":{"rendered":"KOHE OLEMAS! Luiged 40&#215;80 cm"},"content":{"rendered":"","protected":false},"excerpt":{"rendered":"<p><strong>T\u00c4HELEPANU! SAABUV TOODE! JA PIIRATUD KOGUS.<\/strong><\/p>\n<p><strong>Kaikki myym\u00e4mme timanttikirjonta sis\u00e4lt\u00e4\u00e4:<\/strong><br \/>\n<strong>Laadukas alusta (liimalla), johon kiinnit\u00e4t timantteja, akryylitimantteja, alusta timanttien s\u00e4ilytykseen, kiinnityskyn\u00e4 sormipehmusteella ja vaha kiinnityskyn\u00e4lle<\/strong><\/p>","protected":false},"featured_media":18953,"template":"","meta":[],"product_brand":[],"product_cat":[34,65,56],"product_tag":[],"class_list":{"0":"post-18950","1":"product","2":"type-product","3":"status-publish","4":"has-post-thumbnail","6":"product_cat-40x80-cm","7":"product_cat-linnud","8":"product_cat-loodus","9":"thunk-woo-product-list","10":"opn-qv-enable","11":"open-woo-hover-none","12":"open-single-product-tab-horizontal","13":"open-shadow-","14":"open-shadow-hover-","16":"first","17":"instock","18":"shipping-taxable","19":"purchasable","20":"product-type-variable"},"_links":{"self":[{"href":"https:\/\/teemanditikand.ee\/fi\/wp-json\/wp\/v2\/product\/18950","targetHints":{"allow":["GET"]}}],"collection":[{"href":"https:\/\/teemanditikand.ee\/fi\/wp-json\/wp\/v2\/product"}],"about":[{"href":"https:\/\/teemanditikand.ee\/fi\/wp-json\/wp\/v2\/types\/product"}],"wp:featuredmedia":[{"embeddable":true,"href":"https:\/\/teemanditikand.ee\/fi\/wp-json\/wp\/v2\/media\/18953"}],"wp:attachment":[{"href":"https:\/\/teemanditikand.ee\/fi\/wp-json\/wp\/v2\/media?parent=18950"}],"wp:term":[{"taxonomy":"product_brand","embeddable":true,"href":"https:\/\/teemanditikand.ee\/fi\/wp-json\/wp\/v2\/product_brand?post=18950"},{"taxonomy":"product_cat","embeddable":true,"href":"https:\/\/teemanditikand.ee\/fi\/wp-json\/wp\/v2\/product_cat?post=18950"},{"taxonomy":"product_tag","embeddable":true,"href":"https:\/\/teemanditikand.ee\/fi\/wp-json\/wp\/v2\/product_tag?post=18950"}],"curies":[{"name":"wp","href":"https:\/\/api.w.org\/{rel}","templated":true}]}}