{"id":19142,"date":"2025-09-30T08:29:35","date_gmt":"2025-09-30T06:29:35","guid":{"rendered":"https:\/\/teemanditikand.ee\/?post_type=product&#038;p=19142"},"modified":"2025-09-30T08:29:35","modified_gmt":"2025-09-30T06:29:35","slug":"tellimisega-kott-lilled-2","status":"publish","type":"product","link":"https:\/\/teemanditikand.ee\/fi\/tuote\/tellimisega-kott-lilled-2\/","title":{"rendered":"TELLIMISEGA! Kott lilled"},"content":{"rendered":"","protected":false},"excerpt":{"rendered":"<h4><strong>IGAL P\u00dcHAP\u00c4EVAL KOGUME SOOVE!\u00a0<\/strong><\/h4>\n<p>T\u00c4HELEPANU! V\u00d5IB NII KA JUHTUDA KUI TOODE EI OLE TEHASES SAADAVAL.<\/p>\n<p><strong>HUOMIO!<\/strong><br \/>\n<strong>T\u00e4m\u00e4 tuote ei ole varastossamme paikan p\u00e4\u00e4ll\u00e4, tuote valmistetaan tilauksesta.<\/strong><br \/>\n<strong>EELDATAV TARNEAEG 3-4 N\u00c4DALAT.<\/strong><\/p>\n<p>Kaikki myym\u00e4mme timanttikirjonta sis\u00e4lt\u00e4\u00e4:<br \/>\nLaadukas alusta (liimalla), johon kiinnit\u00e4t timantteja, akryylitimantteja, alusta timanttien s\u00e4ilytykseen, kiinnityskyn\u00e4 sormipehmusteella ja vaha kiinnityskyn\u00e4lle<\/p>","protected":false},"featured_media":19145,"template":"","meta":[],"product_brand":[],"product_cat":[49,75],"product_tag":[],"class_list":{"0":"post-19142","1":"product","2":"type-product","3":"status-publish","4":"has-post-thumbnail","6":"product_cat-muud-tooted","7":"product_cat-tellimisega","8":"thunk-woo-product-list","9":"opn-qv-enable","10":"open-woo-hover-none","11":"open-single-product-tab-horizontal","12":"open-shadow-","13":"open-shadow-hover-","15":"first","16":"instock","17":"shipping-taxable","18":"purchasable","19":"product-type-simple"},"_links":{"self":[{"href":"https:\/\/teemanditikand.ee\/fi\/wp-json\/wp\/v2\/product\/19142","targetHints":{"allow":["GET"]}}],"collection":[{"href":"https:\/\/teemanditikand.ee\/fi\/wp-json\/wp\/v2\/product"}],"about":[{"href":"https:\/\/teemanditikand.ee\/fi\/wp-json\/wp\/v2\/types\/product"}],"wp:featuredmedia":[{"embeddable":true,"href":"https:\/\/teemanditikand.ee\/fi\/wp-json\/wp\/v2\/media\/19145"}],"wp:attachment":[{"href":"https:\/\/teemanditikand.ee\/fi\/wp-json\/wp\/v2\/media?parent=19142"}],"wp:term":[{"taxonomy":"product_brand","embeddable":true,"href":"https:\/\/teemanditikand.ee\/fi\/wp-json\/wp\/v2\/product_brand?post=19142"},{"taxonomy":"product_cat","embeddable":true,"href":"https:\/\/teemanditikand.ee\/fi\/wp-json\/wp\/v2\/product_cat?post=19142"},{"taxonomy":"product_tag","embeddable":true,"href":"https:\/\/teemanditikand.ee\/fi\/wp-json\/wp\/v2\/product_tag?post=19142"}],"curies":[{"name":"wp","href":"https:\/\/api.w.org\/{rel}","templated":true}]}}