{"id":19247,"date":"2025-09-30T13:58:45","date_gmt":"2025-09-30T11:58:45","guid":{"rendered":"https:\/\/teemanditikand.ee\/?post_type=product&#038;p=19247"},"modified":"2025-09-30T13:58:45","modified_gmt":"2025-09-30T11:58:45","slug":"piiratud-kogus-ja-tellimisega-merineitsi-raam-kaasas","status":"publish","type":"product","link":"https:\/\/teemanditikand.ee\/fi\/tuote\/piiratud-kogus-ja-tellimisega-merineitsi-raam-kaasas\/","title":{"rendered":"PIIRATUD KOGUS JA TELLIMISEGA! Merineitsi (RAAM KAASAS)"},"content":{"rendered":"","protected":false},"excerpt":{"rendered":"<div class=\"user-content\">\n<div>\n<div class=\"content-with-translation\">\n<div class=\"session-translate util-clearfix\"><strong>T\u00c4HELEPANU! PIIRATUD KOGUS.<\/strong><\/div>\n<\/div>\n<\/div>\n<\/div>\n<div class=\"message-flow-menu-box rec\">\n<p><strong>V\u00d5IB JUHTUDA NII KA ET EI OLE TEHASES SAADAVAL.<\/strong><br \/>\n<strong>T\u00e4m\u00e4 tuote ei ole varastossamme paikan p\u00e4\u00e4ll\u00e4, tuote valmistetaan tilauksesta.<\/strong><br \/>\n<strong>EELDATAV TARNEAEG 3-4 N\u00c4DALAT.<\/strong><\/p>\n<p>Kaikki myym\u00e4mme timanttikirjonta sis\u00e4lt\u00e4\u00e4:<br \/>\nLaadukas alusta (liimalla), johon kiinnit\u00e4t timantteja, akryylitimantteja, alusta timanttien s\u00e4ilytykseen, kiinnityskyn\u00e4 sormipehmusteella ja vaha kiinnityskyn\u00e4lle<\/p>\n<\/div>","protected":false},"featured_media":19248,"template":"","meta":[],"product_brand":[],"product_cat":[75],"product_tag":[],"class_list":{"0":"post-19247","1":"product","2":"type-product","3":"status-publish","4":"has-post-thumbnail","6":"product_cat-tellimisega","7":"thunk-woo-product-list","8":"opn-qv-enable","9":"open-woo-hover-none","10":"open-single-product-tab-horizontal","11":"open-shadow-","12":"open-shadow-hover-","14":"first","15":"instock","16":"shipping-taxable","17":"purchasable","18":"product-type-simple"},"_links":{"self":[{"href":"https:\/\/teemanditikand.ee\/fi\/wp-json\/wp\/v2\/product\/19247","targetHints":{"allow":["GET"]}}],"collection":[{"href":"https:\/\/teemanditikand.ee\/fi\/wp-json\/wp\/v2\/product"}],"about":[{"href":"https:\/\/teemanditikand.ee\/fi\/wp-json\/wp\/v2\/types\/product"}],"wp:featuredmedia":[{"embeddable":true,"href":"https:\/\/teemanditikand.ee\/fi\/wp-json\/wp\/v2\/media\/19248"}],"wp:attachment":[{"href":"https:\/\/teemanditikand.ee\/fi\/wp-json\/wp\/v2\/media?parent=19247"}],"wp:term":[{"taxonomy":"product_brand","embeddable":true,"href":"https:\/\/teemanditikand.ee\/fi\/wp-json\/wp\/v2\/product_brand?post=19247"},{"taxonomy":"product_cat","embeddable":true,"href":"https:\/\/teemanditikand.ee\/fi\/wp-json\/wp\/v2\/product_cat?post=19247"},{"taxonomy":"product_tag","embeddable":true,"href":"https:\/\/teemanditikand.ee\/fi\/wp-json\/wp\/v2\/product_tag?post=19247"}],"curies":[{"name":"wp","href":"https:\/\/api.w.org\/{rel}","templated":true}]}}