{"id":19604,"date":"2025-10-26T19:52:40","date_gmt":"2025-10-26T17:52:40","guid":{"rendered":"https:\/\/teemanditikand.ee\/?post_type=product&#038;p=19604"},"modified":"2025-11-29T14:56:26","modified_gmt":"2025-11-29T12:56:26","slug":"tellimisega-looduses-kass-50x80-cm","status":"publish","type":"product","link":"https:\/\/teemanditikand.ee\/fi\/tuote\/tellimisega-looduses-kass-50x80-cm\/","title":{"rendered":"TELLIMISEGA! Looduses Kass 50&#215;80 cm"},"content":{"rendered":"","protected":false},"excerpt":{"rendered":"<div class=\"user-content\">\n<div>\n<div class=\"content-with-translation\">\n<div class=\"session-translate util-clearfix\"><strong>HUOMIO!<\/strong><\/div>\n<div class=\"session-translate util-clearfix\"><strong>T\u00e4m\u00e4 tuote ei ole varastossamme paikan p\u00e4\u00e4ll\u00e4, tuote valmistetaan tilauksesta.<\/strong><br \/>\n<strong>EELDATAV TARNEAEG 3-4 N\u00c4DALAT.<\/strong><\/div>\n<\/div>\n<\/div>\n<\/div>\n<div class=\"message-flow-menu-box rec\">\n<p>Kaikki myym\u00e4mme timanttikirjonta sis\u00e4lt\u00e4\u00e4:<br \/>\nLaadukas alusta (liimalla), johon kiinnit\u00e4t timantteja, akryylitimantteja, alusta timanttien s\u00e4ilytykseen, kiinnityskyn\u00e4 sormipehmusteella ja vaha kiinnityskyn\u00e4lle<\/p>\n<\/div>","protected":false},"featured_media":19607,"template":"","meta":[],"product_brand":[],"product_cat":[45,60,53,75],"product_tag":[],"class_list":{"0":"post-19604","1":"product","2":"type-product","3":"status-publish","4":"has-post-thumbnail","6":"product_cat-50x80-cm","7":"product_cat-lilled","8":"product_cat-loomad","9":"product_cat-tellimisega","10":"thunk-woo-product-list","11":"opn-qv-enable","12":"open-woo-hover-none","13":"open-single-product-tab-horizontal","14":"open-shadow-","15":"open-shadow-hover-","17":"first","18":"instock","19":"shipping-taxable","20":"purchasable","21":"product-type-variable"},"_links":{"self":[{"href":"https:\/\/teemanditikand.ee\/fi\/wp-json\/wp\/v2\/product\/19604","targetHints":{"allow":["GET"]}}],"collection":[{"href":"https:\/\/teemanditikand.ee\/fi\/wp-json\/wp\/v2\/product"}],"about":[{"href":"https:\/\/teemanditikand.ee\/fi\/wp-json\/wp\/v2\/types\/product"}],"wp:featuredmedia":[{"embeddable":true,"href":"https:\/\/teemanditikand.ee\/fi\/wp-json\/wp\/v2\/media\/19607"}],"wp:attachment":[{"href":"https:\/\/teemanditikand.ee\/fi\/wp-json\/wp\/v2\/media?parent=19604"}],"wp:term":[{"taxonomy":"product_brand","embeddable":true,"href":"https:\/\/teemanditikand.ee\/fi\/wp-json\/wp\/v2\/product_brand?post=19604"},{"taxonomy":"product_cat","embeddable":true,"href":"https:\/\/teemanditikand.ee\/fi\/wp-json\/wp\/v2\/product_cat?post=19604"},{"taxonomy":"product_tag","embeddable":true,"href":"https:\/\/teemanditikand.ee\/fi\/wp-json\/wp\/v2\/product_tag?post=19604"}],"curies":[{"name":"wp","href":"https:\/\/api.w.org\/{rel}","templated":true}]}}