{"id":19719,"date":"2025-11-09T21:18:14","date_gmt":"2025-11-09T19:18:14","guid":{"rendered":"https:\/\/teemanditikand.ee\/?post_type=product&#038;p=19719"},"modified":"2025-11-10T08:03:59","modified_gmt":"2025-11-10T06:03:59","slug":"oma-pildiga-teemantmaal-40x70-cm-2","status":"publish","type":"product","link":"https:\/\/teemanditikand.ee\/fi\/tuote\/oma-pildiga-teemantmaal-40x70-cm-2\/","title":{"rendered":"Timanttimaalaus omalla kuvalla 40\u00d770 cm"},"content":{"rendered":"","protected":false},"excerpt":{"rendered":"<p><strong>Tilataksesi timantin kuvallasi, tee tilaus ja l\u00e4het\u00e4 kuvasi meille s\u00e4hk\u00f6postitse: info@teemanditikand.ee<\/strong><\/p>\n<p><strong>Tarkkaile kuvan laatua \u2013 hyv\u00e4laatuinen kuva takaa kauniin lopputuloksen.<\/strong><\/p>\n<p><strong>Kuvan toimitusaika on 3-5 viikkoa.<\/strong><\/p>\n<p><strong>Tuotetta ei palauteta.<\/strong><\/p>\n<p><strong>Kaikki myym\u00e4mme timanttikirjonta sis\u00e4lt\u00e4\u00e4:<\/strong><\/p>\n<p><strong>Laadukas alusta (liimalla), johon voit sijoittaa timantteja, akryylitimantteja, alusta timanttien pit\u00e4miseen, asennuskyn\u00e4 ja vahaasennuskyn\u00e4.<\/strong><\/p>","protected":false},"featured_media":19722,"template":"","meta":[],"product_brand":[],"product_cat":[41,58],"product_tag":[],"class_list":{"0":"post-19719","1":"product","2":"type-product","3":"status-publish","4":"has-post-thumbnail","6":"product_cat-40x70-cm","7":"product_cat-oma-pildiga-teemanditikand","8":"thunk-woo-product-list","9":"opn-qv-enable","10":"open-woo-hover-none","11":"open-single-product-tab-horizontal","12":"open-shadow-","13":"open-shadow-hover-","15":"first","16":"instock","17":"shipping-taxable","18":"purchasable","19":"product-type-variable"},"_links":{"self":[{"href":"https:\/\/teemanditikand.ee\/fi\/wp-json\/wp\/v2\/product\/19719","targetHints":{"allow":["GET"]}}],"collection":[{"href":"https:\/\/teemanditikand.ee\/fi\/wp-json\/wp\/v2\/product"}],"about":[{"href":"https:\/\/teemanditikand.ee\/fi\/wp-json\/wp\/v2\/types\/product"}],"wp:featuredmedia":[{"embeddable":true,"href":"https:\/\/teemanditikand.ee\/fi\/wp-json\/wp\/v2\/media\/19722"}],"wp:attachment":[{"href":"https:\/\/teemanditikand.ee\/fi\/wp-json\/wp\/v2\/media?parent=19719"}],"wp:term":[{"taxonomy":"product_brand","embeddable":true,"href":"https:\/\/teemanditikand.ee\/fi\/wp-json\/wp\/v2\/product_brand?post=19719"},{"taxonomy":"product_cat","embeddable":true,"href":"https:\/\/teemanditikand.ee\/fi\/wp-json\/wp\/v2\/product_cat?post=19719"},{"taxonomy":"product_tag","embeddable":true,"href":"https:\/\/teemanditikand.ee\/fi\/wp-json\/wp\/v2\/product_tag?post=19719"}],"curies":[{"name":"wp","href":"https:\/\/api.w.org\/{rel}","templated":true}]}}