{"id":19902,"date":"2025-11-30T09:40:51","date_gmt":"2025-11-30T07:40:51","guid":{"rendered":"https:\/\/teemanditikand.ee\/?post_type=product&#038;p=19902"},"modified":"2026-04-05T15:10:03","modified_gmt":"2026-04-05T13:10:03","slug":"kosmoselaev-40x40-cm-35x35","status":"publish","type":"product","link":"https:\/\/teemanditikand.ee\/fi\/tuote\/kosmoselaev-40x40-cm-35x35\/","title":{"rendered":"Kosmoselaev 40&#215;40 cm (35&#215;35)"},"content":{"rendered":"","protected":false},"excerpt":{"rendered":"<p><strong>Kaikki myym\u00e4mme timanttikirjonta toimitetaan: Laadukas pohja (liimalla), johon kiinnit\u00e4t timantit, akryylitimantit, pohja timanttien s\u00e4ilytykseen, asennuskyn\u00e4, vaha asennuskyn\u00e4lle<\/strong><\/p>","protected":false},"featured_media":19903,"template":"","meta":[],"product_brand":[],"product_cat":[21,56],"product_tag":[],"class_list":{"0":"post-19902","1":"product","2":"type-product","3":"status-publish","4":"has-post-thumbnail","6":"product_cat-40x40cm","7":"product_cat-loodus","8":"thunk-woo-product-list","9":"opn-qv-enable","10":"open-woo-hover-none","11":"open-single-product-tab-horizontal","12":"open-shadow-","13":"open-shadow-hover-","15":"first","16":"instock","17":"shipping-taxable","18":"purchasable","19":"product-type-simple"},"_links":{"self":[{"href":"https:\/\/teemanditikand.ee\/fi\/wp-json\/wp\/v2\/product\/19902","targetHints":{"allow":["GET"]}}],"collection":[{"href":"https:\/\/teemanditikand.ee\/fi\/wp-json\/wp\/v2\/product"}],"about":[{"href":"https:\/\/teemanditikand.ee\/fi\/wp-json\/wp\/v2\/types\/product"}],"wp:featuredmedia":[{"embeddable":true,"href":"https:\/\/teemanditikand.ee\/fi\/wp-json\/wp\/v2\/media\/19903"}],"wp:attachment":[{"href":"https:\/\/teemanditikand.ee\/fi\/wp-json\/wp\/v2\/media?parent=19902"}],"wp:term":[{"taxonomy":"product_brand","embeddable":true,"href":"https:\/\/teemanditikand.ee\/fi\/wp-json\/wp\/v2\/product_brand?post=19902"},{"taxonomy":"product_cat","embeddable":true,"href":"https:\/\/teemanditikand.ee\/fi\/wp-json\/wp\/v2\/product_cat?post=19902"},{"taxonomy":"product_tag","embeddable":true,"href":"https:\/\/teemanditikand.ee\/fi\/wp-json\/wp\/v2\/product_tag?post=19902"}],"curies":[{"name":"wp","href":"https:\/\/api.w.org\/{rel}","templated":true}]}}