{"id":19932,"date":"2025-12-03T20:53:58","date_gmt":"2025-12-03T18:53:58","guid":{"rendered":"https:\/\/teemanditikand.ee\/?post_type=product&#038;p=19932"},"modified":"2026-01-09T10:57:54","modified_gmt":"2026-01-09T08:57:54","slug":"panda-30x40-cm-25x35-4","status":"publish","type":"product","link":"https:\/\/teemanditikand.ee\/fi\/tuote\/panda-30x40-cm-25x35-4\/","title":{"rendered":"Panda 30\u00d740 cm (25\u00d735)"},"content":{"rendered":"","protected":false},"excerpt":{"rendered":"<p><strong>Kaikki myym\u00e4mme timanttikirjonta toimitetaan: Laadukas pohja (liimalla), johon kiinnit\u00e4t timantit, akryylitimantit, pohja timanttien s\u00e4ilytykseen, asennuskyn\u00e4, vaha asennuskyn\u00e4lle<\/strong><\/p>","protected":false},"featured_media":19933,"template":"","meta":[],"product_brand":[],"product_cat":[74,20,53],"product_tag":[],"class_list":{"0":"post-19932","1":"product","2":"type-product","3":"status-publish","4":"has-post-thumbnail","6":"product_cat-25x35-cm","7":"product_cat-30x40cm","8":"product_cat-loomad","9":"thunk-woo-product-list","10":"opn-qv-enable","11":"open-woo-hover-none","12":"open-single-product-tab-horizontal","13":"open-shadow-","14":"open-shadow-hover-","16":"first","17":"instock","18":"shipping-taxable","19":"purchasable","20":"product-type-simple"},"_links":{"self":[{"href":"https:\/\/teemanditikand.ee\/fi\/wp-json\/wp\/v2\/product\/19932","targetHints":{"allow":["GET"]}}],"collection":[{"href":"https:\/\/teemanditikand.ee\/fi\/wp-json\/wp\/v2\/product"}],"about":[{"href":"https:\/\/teemanditikand.ee\/fi\/wp-json\/wp\/v2\/types\/product"}],"wp:featuredmedia":[{"embeddable":true,"href":"https:\/\/teemanditikand.ee\/fi\/wp-json\/wp\/v2\/media\/19933"}],"wp:attachment":[{"href":"https:\/\/teemanditikand.ee\/fi\/wp-json\/wp\/v2\/media?parent=19932"}],"wp:term":[{"taxonomy":"product_brand","embeddable":true,"href":"https:\/\/teemanditikand.ee\/fi\/wp-json\/wp\/v2\/product_brand?post=19932"},{"taxonomy":"product_cat","embeddable":true,"href":"https:\/\/teemanditikand.ee\/fi\/wp-json\/wp\/v2\/product_cat?post=19932"},{"taxonomy":"product_tag","embeddable":true,"href":"https:\/\/teemanditikand.ee\/fi\/wp-json\/wp\/v2\/product_tag?post=19932"}],"curies":[{"name":"wp","href":"https:\/\/api.w.org\/{rel}","templated":true}]}}