{"id":20118,"date":"2025-12-30T13:16:07","date_gmt":"2025-12-30T11:16:07","guid":{"rendered":"https:\/\/teemanditikand.ee\/?post_type=product&#038;p=20118"},"modified":"2025-12-30T13:16:07","modified_gmt":"2025-12-30T11:16:07","slug":"1tk-laos-tellimisega-4-raamatujarjehoidjad-ookullid-2","status":"publish","type":"product","link":"https:\/\/teemanditikand.ee\/fi\/tuote\/1tk-laos-tellimisega-4-raamatujarjehoidjad-ookullid-2\/","title":{"rendered":"1TK LAOS! TELLIMISEGA! 4 raamatuj\u00e4rjehoidjad \u00f6\u00f6kullid"},"content":{"rendered":"","protected":false},"excerpt":{"rendered":"<div class=\"user-content\">\n<div>\n<div class=\"content-with-translation\">\n<div class=\"session-translate util-clearfix\"><strong>T\u00c4HELEPANU! PIIRATUD KOGUS.<\/strong><\/div>\n<\/div>\n<\/div>\n<\/div>\n<div class=\"message-flow-menu-box rec\">\n<p><strong>V\u00d5IB JUHTUDA NII KA ET EI OLE TEHASES SAADAVAL.<\/strong><br \/>\n<strong>T\u00e4m\u00e4 tuote ei ole varastossamme paikan p\u00e4\u00e4ll\u00e4, tuote valmistetaan tilauksesta.<\/strong><br \/>\n<strong>EELDATAV TARNEAEG 3-4 N\u00c4DALAT.<\/strong><\/p>\n<p>Kaikki myym\u00e4mme timanttikirjonta sis\u00e4lt\u00e4\u00e4:<br \/>\nKvaliteetne alus(liimiga) kuhu paigaldate teemandid, akr\u00fc\u00fclteemandid, alus teemandite hoidmiseks, paigalduspliiats, vaha paigalduspliiatsile<\/p>\n<\/div>","protected":false},"featured_media":20119,"template":"","meta":[],"product_brand":[],"product_cat":[49,75],"product_tag":[],"class_list":{"0":"post-20118","1":"product","2":"type-product","3":"status-publish","4":"has-post-thumbnail","6":"product_cat-muud-tooted","7":"product_cat-tellimisega","8":"thunk-woo-product-list","9":"opn-qv-enable","10":"open-woo-hover-none","11":"open-single-product-tab-horizontal","12":"open-shadow-","13":"open-shadow-hover-","15":"first","16":"instock","17":"shipping-taxable","18":"purchasable","19":"product-type-simple"},"_links":{"self":[{"href":"https:\/\/teemanditikand.ee\/fi\/wp-json\/wp\/v2\/product\/20118","targetHints":{"allow":["GET"]}}],"collection":[{"href":"https:\/\/teemanditikand.ee\/fi\/wp-json\/wp\/v2\/product"}],"about":[{"href":"https:\/\/teemanditikand.ee\/fi\/wp-json\/wp\/v2\/types\/product"}],"wp:featuredmedia":[{"embeddable":true,"href":"https:\/\/teemanditikand.ee\/fi\/wp-json\/wp\/v2\/media\/20119"}],"wp:attachment":[{"href":"https:\/\/teemanditikand.ee\/fi\/wp-json\/wp\/v2\/media?parent=20118"}],"wp:term":[{"taxonomy":"product_brand","embeddable":true,"href":"https:\/\/teemanditikand.ee\/fi\/wp-json\/wp\/v2\/product_brand?post=20118"},{"taxonomy":"product_cat","embeddable":true,"href":"https:\/\/teemanditikand.ee\/fi\/wp-json\/wp\/v2\/product_cat?post=20118"},{"taxonomy":"product_tag","embeddable":true,"href":"https:\/\/teemanditikand.ee\/fi\/wp-json\/wp\/v2\/product_tag?post=20118"}],"curies":[{"name":"wp","href":"https:\/\/api.w.org\/{rel}","templated":true}]}}