{"id":20724,"date":"2026-03-22T13:30:04","date_gmt":"2026-03-22T11:30:04","guid":{"rendered":"https:\/\/teemanditikand.ee\/?post_type=product&#038;p=20724"},"modified":"2026-03-22T13:33:27","modified_gmt":"2026-03-22T11:33:27","slug":"tellimisega-ehtekarp-kollane-mandala","status":"publish","type":"product","link":"https:\/\/teemanditikand.ee\/fi\/tuote\/tellimisega-ehtekarp-kollane-mandala\/","title":{"rendered":"TELLIMISEGA! Ehtekarp kollane mandala"},"content":{"rendered":"","protected":false},"excerpt":{"rendered":"<p>T\u00c4HELEPANU! V\u00d5IB NII KA JUHTUDA KUI TOODE EI OLE TEHASES SAADAVAL.<\/p>\n<p><strong>HUOMIO!<\/strong><br \/>\n<strong>T\u00e4m\u00e4 tuote ei ole varastossamme paikan p\u00e4\u00e4ll\u00e4, tuote valmistetaan tilauksesta.<\/strong><br \/>\n<strong>EELDATAV TARNEAEG 3-4 N\u00c4DALAT.<\/strong><\/p>\n<p>Kaikki myym\u00e4mme timanttikirjonta sis\u00e4lt\u00e4\u00e4:<br \/>\nLaadukas alusta (liimalla), johon kiinnit\u00e4t timantteja, akryylitimantteja, alusta timanttien s\u00e4ilytykseen, kiinnityskyn\u00e4 sormipehmusteella ja vaha kiinnityskyn\u00e4lle<\/p>","protected":false},"featured_media":20725,"template":"","meta":[],"product_brand":[],"product_cat":[49,75],"product_tag":[],"class_list":{"0":"post-20724","1":"product","2":"type-product","3":"status-publish","4":"has-post-thumbnail","6":"product_cat-muud-tooted","7":"product_cat-tellimisega","8":"thunk-woo-product-list","9":"opn-qv-enable","10":"open-woo-hover-none","11":"open-single-product-tab-horizontal","12":"open-shadow-","13":"open-shadow-hover-","15":"first","16":"instock","17":"shipping-taxable","18":"purchasable","19":"product-type-simple"},"_links":{"self":[{"href":"https:\/\/teemanditikand.ee\/fi\/wp-json\/wp\/v2\/product\/20724","targetHints":{"allow":["GET"]}}],"collection":[{"href":"https:\/\/teemanditikand.ee\/fi\/wp-json\/wp\/v2\/product"}],"about":[{"href":"https:\/\/teemanditikand.ee\/fi\/wp-json\/wp\/v2\/types\/product"}],"wp:featuredmedia":[{"embeddable":true,"href":"https:\/\/teemanditikand.ee\/fi\/wp-json\/wp\/v2\/media\/20725"}],"wp:attachment":[{"href":"https:\/\/teemanditikand.ee\/fi\/wp-json\/wp\/v2\/media?parent=20724"}],"wp:term":[{"taxonomy":"product_brand","embeddable":true,"href":"https:\/\/teemanditikand.ee\/fi\/wp-json\/wp\/v2\/product_brand?post=20724"},{"taxonomy":"product_cat","embeddable":true,"href":"https:\/\/teemanditikand.ee\/fi\/wp-json\/wp\/v2\/product_cat?post=20724"},{"taxonomy":"product_tag","embeddable":true,"href":"https:\/\/teemanditikand.ee\/fi\/wp-json\/wp\/v2\/product_tag?post=20724"}],"curies":[{"name":"wp","href":"https:\/\/api.w.org\/{rel}","templated":true}]}}