{"id":4904,"date":"2022-03-22T16:03:37","date_gmt":"2022-03-22T14:03:37","guid":{"rendered":"https:\/\/teemanditikand.ee\/?post_type=product&#038;p=4904"},"modified":"2025-06-04T19:27:02","modified_gmt":"2025-06-04T17:27:02","slug":"otsikutega-kristallist-paigalduspliiats","status":"publish","type":"product","link":"https:\/\/teemanditikand.ee\/fi\/tuote\/otsikutega-kristallist-paigalduspliiats\/","title":{"rendered":"Kristalliasennuskyn\u00e4 k\u00e4rjill\u00e4"},"content":{"rendered":"","protected":false},"excerpt":{"rendered":"<p>1 asennuskyn\u00e4 + 5 suutinta.<\/p>","protected":false},"featured_media":2387,"template":"","meta":[],"product_brand":[],"product_cat":[19],"product_tag":[],"class_list":{"0":"post-4904","1":"product","2":"type-product","3":"status-publish","4":"has-post-thumbnail","6":"product_cat-akssessuaarid","7":"thunk-woo-product-list","8":"opn-qv-enable","9":"open-woo-hover-none","10":"open-single-product-tab-horizontal","11":"open-shadow-","12":"open-shadow-hover-","14":"first","15":"instock","16":"shipping-taxable","17":"purchasable","18":"product-type-simple"},"_links":{"self":[{"href":"https:\/\/teemanditikand.ee\/fi\/wp-json\/wp\/v2\/product\/4904","targetHints":{"allow":["GET"]}}],"collection":[{"href":"https:\/\/teemanditikand.ee\/fi\/wp-json\/wp\/v2\/product"}],"about":[{"href":"https:\/\/teemanditikand.ee\/fi\/wp-json\/wp\/v2\/types\/product"}],"wp:featuredmedia":[{"embeddable":true,"href":"https:\/\/teemanditikand.ee\/fi\/wp-json\/wp\/v2\/media\/2387"}],"wp:attachment":[{"href":"https:\/\/teemanditikand.ee\/fi\/wp-json\/wp\/v2\/media?parent=4904"}],"wp:term":[{"taxonomy":"product_brand","embeddable":true,"href":"https:\/\/teemanditikand.ee\/fi\/wp-json\/wp\/v2\/product_brand?post=4904"},{"taxonomy":"product_cat","embeddable":true,"href":"https:\/\/teemanditikand.ee\/fi\/wp-json\/wp\/v2\/product_cat?post=4904"},{"taxonomy":"product_tag","embeddable":true,"href":"https:\/\/teemanditikand.ee\/fi\/wp-json\/wp\/v2\/product_tag?post=4904"}],"curies":[{"name":"wp","href":"https:\/\/api.w.org\/{rel}","templated":true}]}}