{"id":5621,"date":"2022-05-28T16:52:15","date_gmt":"2022-05-28T14:52:15","guid":{"rendered":"https:\/\/teemanditikand.ee\/?post_type=product&#038;p=5621"},"modified":"2026-01-20T22:55:23","modified_gmt":"2026-01-20T20:55:23","slug":"lindpaikeseloojang-30x50-cm","status":"publish","type":"product","link":"https:\/\/teemanditikand.ee\/fi\/tuote\/lindpaikeseloojang-30x50-cm\/","title":{"rendered":"Lintu ja auringonlasku 30\u00d750 cm"},"content":{"rendered":"","protected":false},"excerpt":{"rendered":"<p><strong>Kaikki myym\u00e4mme timanttikirjonta sis\u00e4lt\u00e4\u00e4:<\/strong><br \/>\n<strong>Laadukas alusta (liimalla), johon asetat timantteja, akryylitimantteja, alusta timanttien pit\u00e4miseen, asennuskyn\u00e4 sormenpehmennysaineella ja vaha kiinnityskyn\u00e4lle.<\/strong><\/p>","protected":false},"featured_media":5624,"template":"","meta":[],"product_brand":[],"product_cat":[33,56],"product_tag":[],"class_list":{"0":"post-5621","1":"product","2":"type-product","3":"status-publish","4":"has-post-thumbnail","6":"product_cat-30x50-cm","7":"product_cat-loodus","8":"thunk-woo-product-list","9":"opn-qv-enable","10":"open-woo-hover-none","11":"open-single-product-tab-horizontal","12":"open-shadow-","13":"open-shadow-hover-","15":"first","16":"instock","17":"sale","18":"shipping-taxable","19":"purchasable","20":"product-type-variable"},"_links":{"self":[{"href":"https:\/\/teemanditikand.ee\/fi\/wp-json\/wp\/v2\/product\/5621","targetHints":{"allow":["GET"]}}],"collection":[{"href":"https:\/\/teemanditikand.ee\/fi\/wp-json\/wp\/v2\/product"}],"about":[{"href":"https:\/\/teemanditikand.ee\/fi\/wp-json\/wp\/v2\/types\/product"}],"wp:featuredmedia":[{"embeddable":true,"href":"https:\/\/teemanditikand.ee\/fi\/wp-json\/wp\/v2\/media\/5624"}],"wp:attachment":[{"href":"https:\/\/teemanditikand.ee\/fi\/wp-json\/wp\/v2\/media?parent=5621"}],"wp:term":[{"taxonomy":"product_brand","embeddable":true,"href":"https:\/\/teemanditikand.ee\/fi\/wp-json\/wp\/v2\/product_brand?post=5621"},{"taxonomy":"product_cat","embeddable":true,"href":"https:\/\/teemanditikand.ee\/fi\/wp-json\/wp\/v2\/product_cat?post=5621"},{"taxonomy":"product_tag","embeddable":true,"href":"https:\/\/teemanditikand.ee\/fi\/wp-json\/wp\/v2\/product_tag?post=5621"}],"curies":[{"name":"wp","href":"https:\/\/api.w.org\/{rel}","templated":true}]}}