{"id":6023,"date":"2022-08-15T10:57:07","date_gmt":"2022-08-15T08:57:07","guid":{"rendered":"https:\/\/teemanditikand.ee\/?post_type=product&#038;p=6023"},"modified":"2025-12-28T19:30:06","modified_gmt":"2025-12-28T17:30:06","slug":"suur-ripats-daisy-ja-minnie","status":"publish","type":"product","link":"https:\/\/teemanditikand.ee\/fi\/tuote\/suur-ripats-daisy-ja-minnie\/","title":{"rendered":"Iso riipus Daisy ja Minnie"},"content":{"rendered":"","protected":false},"excerpt":{"rendered":"<p>Voidaan k\u00e4ytt\u00e4\u00e4 koristeena ja ripustaa minne haluat. Sinun t\u00e4ytyy olla valmis kirjomaan itse.<\/p>","protected":false},"featured_media":6024,"template":"","meta":[],"product_brand":[],"product_cat":[63,49],"product_tag":[],"class_list":{"0":"post-6023","1":"product","2":"type-product","3":"status-publish","4":"has-post-thumbnail","6":"product_cat-multikad","7":"product_cat-muud-tooted","8":"thunk-woo-product-list","9":"opn-qv-enable","10":"open-woo-hover-none","11":"open-single-product-tab-horizontal","12":"open-shadow-","13":"open-shadow-hover-","15":"first","16":"instock","17":"sale","18":"shipping-taxable","19":"purchasable","20":"product-type-simple"},"_links":{"self":[{"href":"https:\/\/teemanditikand.ee\/fi\/wp-json\/wp\/v2\/product\/6023","targetHints":{"allow":["GET"]}}],"collection":[{"href":"https:\/\/teemanditikand.ee\/fi\/wp-json\/wp\/v2\/product"}],"about":[{"href":"https:\/\/teemanditikand.ee\/fi\/wp-json\/wp\/v2\/types\/product"}],"wp:featuredmedia":[{"embeddable":true,"href":"https:\/\/teemanditikand.ee\/fi\/wp-json\/wp\/v2\/media\/6024"}],"wp:attachment":[{"href":"https:\/\/teemanditikand.ee\/fi\/wp-json\/wp\/v2\/media?parent=6023"}],"wp:term":[{"taxonomy":"product_brand","embeddable":true,"href":"https:\/\/teemanditikand.ee\/fi\/wp-json\/wp\/v2\/product_brand?post=6023"},{"taxonomy":"product_cat","embeddable":true,"href":"https:\/\/teemanditikand.ee\/fi\/wp-json\/wp\/v2\/product_cat?post=6023"},{"taxonomy":"product_tag","embeddable":true,"href":"https:\/\/teemanditikand.ee\/fi\/wp-json\/wp\/v2\/product_tag?post=6023"}],"curies":[{"name":"wp","href":"https:\/\/api.w.org\/{rel}","templated":true}]}}