{"id":6700,"date":"2022-10-17T11:32:41","date_gmt":"2022-10-17T09:32:41","guid":{"rendered":"https:\/\/teemanditikand.ee\/?post_type=product&#038;p=6700"},"modified":"2025-01-07T18:32:52","modified_gmt":"2025-01-07T16:32:52","slug":"jouluvana-korstenis-30x40-cm","status":"publish","type":"product","link":"https:\/\/teemanditikand.ee\/fi\/tuote\/jouluvana-korstenis-30x40-cm\/","title":{"rendered":"Joulupukki piipussa 30\u00d740 cm"},"content":{"rendered":"","protected":false},"excerpt":{"rendered":"<p><strong>Kaikki myym\u00e4mme timanttikirjonta sis\u00e4lt\u00e4\u00e4:<\/strong><br \/>\n<strong>Laadukas alusta (liimalla), johon asetat timantteja, akryylitimantteja, alusta timanttien pit\u00e4miseen, asennuskyn\u00e4 sormenpehmennysaineella ja vaha kiinnityskyn\u00e4lle.<\/strong><\/p>","protected":false},"featured_media":6701,"template":"","meta":[],"product_brand":[],"product_cat":[20,73],"product_tag":[],"class_list":{"0":"post-6700","1":"product","2":"type-product","3":"status-publish","4":"has-post-thumbnail","6":"product_cat-30x40cm","7":"product_cat-joulupildid","8":"thunk-woo-product-list","9":"opn-qv-enable","10":"open-woo-hover-none","11":"open-single-product-tab-horizontal","12":"open-shadow-","13":"open-shadow-hover-","15":"first","16":"instock","17":"sale","18":"shipping-taxable","19":"purchasable","20":"product-type-simple"},"_links":{"self":[{"href":"https:\/\/teemanditikand.ee\/fi\/wp-json\/wp\/v2\/product\/6700","targetHints":{"allow":["GET"]}}],"collection":[{"href":"https:\/\/teemanditikand.ee\/fi\/wp-json\/wp\/v2\/product"}],"about":[{"href":"https:\/\/teemanditikand.ee\/fi\/wp-json\/wp\/v2\/types\/product"}],"wp:featuredmedia":[{"embeddable":true,"href":"https:\/\/teemanditikand.ee\/fi\/wp-json\/wp\/v2\/media\/6701"}],"wp:attachment":[{"href":"https:\/\/teemanditikand.ee\/fi\/wp-json\/wp\/v2\/media?parent=6700"}],"wp:term":[{"taxonomy":"product_brand","embeddable":true,"href":"https:\/\/teemanditikand.ee\/fi\/wp-json\/wp\/v2\/product_brand?post=6700"},{"taxonomy":"product_cat","embeddable":true,"href":"https:\/\/teemanditikand.ee\/fi\/wp-json\/wp\/v2\/product_cat?post=6700"},{"taxonomy":"product_tag","embeddable":true,"href":"https:\/\/teemanditikand.ee\/fi\/wp-json\/wp\/v2\/product_tag?post=6700"}],"curies":[{"name":"wp","href":"https:\/\/api.w.org\/{rel}","templated":true}]}}