{"id":7802,"date":"2023-02-07T21:55:12","date_gmt":"2023-02-07T19:55:12","guid":{"rendered":"https:\/\/teemanditikand.ee\/?post_type=product&#038;p=7802"},"modified":"2026-01-05T13:28:50","modified_gmt":"2026-01-05T11:28:50","slug":"valgustusega-suur-ripats-lilledlinnud","status":"publish","type":"product","link":"https:\/\/teemanditikand.ee\/fi\/tuote\/valgustusega-suur-ripats-lilledlinnud\/","title":{"rendered":"VALAISTUKSELLA Suuret riipuskukat ja linnut"},"content":{"rendered":"","protected":false},"excerpt":{"rendered":"<p>Mukana ketju ja avainrengas. HUOM! PARISTOT EIV\u00c4T SIS\u00c4LTY.<\/p>\n<p>Voidaan k\u00e4ytt\u00e4\u00e4 koristeena ja ripustaa minne haluat. Sinun t\u00e4ytyy olla valmis kirjomaan itse.<\/p>","protected":false},"featured_media":7803,"template":"","meta":[],"product_brand":[],"product_cat":[49],"product_tag":[],"class_list":{"0":"post-7802","1":"product","2":"type-product","3":"status-publish","4":"has-post-thumbnail","6":"product_cat-muud-tooted","7":"thunk-woo-product-list","8":"opn-qv-enable","9":"open-woo-hover-none","10":"open-single-product-tab-horizontal","11":"open-shadow-","12":"open-shadow-hover-","14":"first","15":"instock","16":"sale","17":"shipping-taxable","18":"purchasable","19":"product-type-simple"},"_links":{"self":[{"href":"https:\/\/teemanditikand.ee\/fi\/wp-json\/wp\/v2\/product\/7802","targetHints":{"allow":["GET"]}}],"collection":[{"href":"https:\/\/teemanditikand.ee\/fi\/wp-json\/wp\/v2\/product"}],"about":[{"href":"https:\/\/teemanditikand.ee\/fi\/wp-json\/wp\/v2\/types\/product"}],"wp:featuredmedia":[{"embeddable":true,"href":"https:\/\/teemanditikand.ee\/fi\/wp-json\/wp\/v2\/media\/7803"}],"wp:attachment":[{"href":"https:\/\/teemanditikand.ee\/fi\/wp-json\/wp\/v2\/media?parent=7802"}],"wp:term":[{"taxonomy":"product_brand","embeddable":true,"href":"https:\/\/teemanditikand.ee\/fi\/wp-json\/wp\/v2\/product_brand?post=7802"},{"taxonomy":"product_cat","embeddable":true,"href":"https:\/\/teemanditikand.ee\/fi\/wp-json\/wp\/v2\/product_cat?post=7802"},{"taxonomy":"product_tag","embeddable":true,"href":"https:\/\/teemanditikand.ee\/fi\/wp-json\/wp\/v2\/product_tag?post=7802"}],"curies":[{"name":"wp","href":"https:\/\/api.w.org\/{rel}","templated":true}]}}