{"id":7804,"date":"2023-02-07T21:56:41","date_gmt":"2023-02-07T19:56:41","guid":{"rendered":"https:\/\/teemanditikand.ee\/?post_type=product&#038;p=7804"},"modified":"2026-02-13T11:14:21","modified_gmt":"2026-02-13T09:14:21","slug":"vaike-ripats-linnud","status":"publish","type":"product","link":"https:\/\/teemanditikand.ee\/fi\/tuote\/vaike-ripats-linnud\/","title":{"rendered":"Pienet riippuvat linnut"},"content":{"rendered":"","protected":false},"excerpt":{"rendered":"<p>Mukana ketju.<\/p>\n<p>Voidaan k\u00e4ytt\u00e4\u00e4 koristeena ja ripustaa minne haluat. Sinun t\u00e4ytyy olla valmis kirjomaan itse.<\/p>","protected":false},"featured_media":7805,"template":"","meta":[],"product_brand":[],"product_cat":[49],"product_tag":[],"class_list":{"0":"post-7804","1":"product","2":"type-product","3":"status-publish","4":"has-post-thumbnail","6":"product_cat-muud-tooted","7":"thunk-woo-product-list","8":"opn-qv-enable","9":"open-woo-hover-none","10":"open-single-product-tab-horizontal","11":"open-shadow-","12":"open-shadow-hover-","14":"first","15":"instock","16":"sale","17":"shipping-taxable","18":"purchasable","19":"product-type-simple"},"_links":{"self":[{"href":"https:\/\/teemanditikand.ee\/fi\/wp-json\/wp\/v2\/product\/7804","targetHints":{"allow":["GET"]}}],"collection":[{"href":"https:\/\/teemanditikand.ee\/fi\/wp-json\/wp\/v2\/product"}],"about":[{"href":"https:\/\/teemanditikand.ee\/fi\/wp-json\/wp\/v2\/types\/product"}],"wp:featuredmedia":[{"embeddable":true,"href":"https:\/\/teemanditikand.ee\/fi\/wp-json\/wp\/v2\/media\/7805"}],"wp:attachment":[{"href":"https:\/\/teemanditikand.ee\/fi\/wp-json\/wp\/v2\/media?parent=7804"}],"wp:term":[{"taxonomy":"product_brand","embeddable":true,"href":"https:\/\/teemanditikand.ee\/fi\/wp-json\/wp\/v2\/product_brand?post=7804"},{"taxonomy":"product_cat","embeddable":true,"href":"https:\/\/teemanditikand.ee\/fi\/wp-json\/wp\/v2\/product_cat?post=7804"},{"taxonomy":"product_tag","embeddable":true,"href":"https:\/\/teemanditikand.ee\/fi\/wp-json\/wp\/v2\/product_tag?post=7804"}],"curies":[{"name":"wp","href":"https:\/\/api.w.org\/{rel}","templated":true}]}}