{"id":53,"date":"2020-11-03T21:12:47","date_gmt":"2020-11-03T19:12:47","guid":{"rendered":"https:\/\/teemanditikand.ee\/?page_id=53"},"modified":"2026-01-12T09:50:31","modified_gmt":"2026-01-12T07:50:31","slug":"53-2","status":"publish","type":"page","link":"https:\/\/teemanditikand.ee\/lt\/","title":{"rendered":"Titulinis lapas"},"content":{"rendered":"<p><\/p>\n\n\n\n<details class=\"wp-block-details is-layout-flow wp-block-details-is-layout-flow\"><summary><\/summary>\n<div class=\"wp-block-group is-layout-constrained wp-block-group-is-layout-constrained\"><\/div>\n<\/details>\n\n\n\n<p class=\"has-text-align-center\">FACEBOOK &#8211; TEEMANDITIKAND O\u00dc<\/p>\n\n\n\n<p class=\"has-text-align-center\"><strong>Nemokamas perve\u017eimas Estijoje \u012f siunt\u0173 automatus visiems u\u017esakymams vir\u0161 40\u20ac.<br>Latvija ir Lietuva nuo 50 \u20ac<\/strong><br><strong>Sveiki atvyk\u0119 \u012f deimant\u0173 siuvin\u0117jimo pasaul\u012f. Tai labai malonus pom\u0117gis, kurio rezultatas \u2013 gra\u017e\u016bs deimantiniai paveikslai. <\/strong><br><strong>Taip pat \u017einomas kaip Diamond Painting angl\u0173 kalba.<\/strong><\/p>\n\n\n\n<div class=\"wp-block-buttons is-content-justification-center is-layout-flex wp-container-core-buttons-is-layout-a89b3969 wp-block-buttons-is-layout-flex\">\n<div class=\"wp-block-button is-style-fill\"><a class=\"wp-block-button__link has-black-color has-text-color has-background has-text-align-left wp-element-button\" href=\"https:\/\/teemanditikand.ee\/lt\/tutvu\/\" style=\"border-radius:2px;background:linear-gradient(135deg,rgb(255,206,236) 24%,rgb(152,150,240) 63%)\"><kbd><bdo lang=\"\" dir=\"ltr\"><strong>SKAITYTI DAUGIAU APIE SIUVIN\u0116JIM\u0104 DEIMANTAIS<\/strong><\/bdo><\/kbd><\/a><\/div>\n\n\n\n<div class=\"wp-block-button is-style-outline is-style-outline--1\"><a class=\"wp-block-button__link has-black-color has-white-background-color has-text-color has-background has-link-color wp-element-button\" href=\"https:\/\/teemanditikand.ee\/lt\/pood\/\" style=\"border-radius:2px\">Apsilankykite parduotuv\u0117je<\/a><\/div>\n\n\n\n<div class=\"wp-block-buttons is-layout-flex wp-block-buttons-is-layout-flex\">\n<div class=\"wp-block-button wpblock-button\"><a class=\"wp-block-button__link has-white-color has-midnight-gradient-background has-text-color has-background has-link-color has-text-align-center wp-element-button\" href=\"https:\/\/teemanditikand.ee\/lt\/minu-konto\/\">U\u017esiregistruokite kaip vartotojas ir sutaupykite pirkdami pirm\u0105j\u012f 10%<\/a><\/div>\n<\/div>\n\n\n\n<p class=\"has-text-align-center\"><br><\/p>\n\n\n\n<figure class=\"wp-block-image aligncenter size-full is-resized\"><img loading=\"lazy\" decoding=\"async\" width=\"626\" height=\"494\" src=\"https:\/\/teemanditikand.ee\/wp-content\/uploads\/2025\/12\/pilt.jpg\" alt=\"\" class=\"wp-image-19915\" style=\"aspect-ratio:1.602803738317757;width:884px;height:auto\" srcset=\"https:\/\/teemanditikand.ee\/wp-content\/uploads\/2025\/12\/pilt.jpg 626w, https:\/\/teemanditikand.ee\/wp-content\/uploads\/2025\/12\/pilt-300x237.jpg 300w, https:\/\/teemanditikand.ee\/wp-content\/uploads\/2025\/12\/pilt-15x12.jpg 15w, https:\/\/teemanditikand.ee\/wp-content\/uploads\/2025\/12\/pilt-600x473.jpg 600w, https:\/\/teemanditikand.ee\/wp-content\/uploads\/2025\/12\/pilt-48x38.jpg 48w\" sizes=\"auto, (max-width: 626px) 100vw, 626px\" \/><\/figure>\n<\/div>\n\n\n\n<p class=\"has-text-align-center\"><strong>Kas yra deimant\u0173 siuvin\u0117jimas? <\/strong><\/p>\n\n\n\n<p class=\"has-text-align-center\"><strong>Teemanditikand on t\u00e4nap\u00e4eval \u00fcha populaarsemaks muutuv k\u00e4sit\u00f6\u00f6hobi, mis \u00fchendab endas ristpistes t\u00f6\u00f6 tegemise ja v\u00e4rvide j\u00e4rgi arvestamise kunsti. <\/strong><\/p>\n\n\n\n<p class=\"has-text-align-center\"><strong>Selle tegemisel kantakse l\u00f5uendile v\u00e4ikesed s\u00e4delevad &#8220;teemandid&#8221; v\u00f5i kristallid, mis kinnitatakse spetsiaalse liimiga vastavalt numbrilistele juhistele. Iga teemant vastab kindlale v\u00e4rvile ja paigutatakse kindlasse kohta, et luua ilus ja detailne pilt \u2013 olgu selleks maal, loodusmotiiv v\u00f5i isegi abstraktne muster.<\/strong><\/p>\n\n\n\n<p class=\"has-text-align-center\"><strong>See on rahustav ja meditatiivne tegevus, mis pakub loovust ja rahuldust, kuna iga paigutatud &#8220;teemandiga&#8221; on pilt j\u00e4rjest t\u00e4iuslikum. Tulemuseks on sageli elav ja s\u00e4delev kunstiteos, mis toob esile v\u00e4rvide ja mustrite ilu. Paljud inimesed armastavad teemanditikandit just selle m\u00f5nusa tasakaalu t\u00f5ttu, mis on loodud loovuse ja l\u00f5\u00f5gastumise vahel.<\/strong><\/p>\n\n\n\n\n\n<p><\/p>\n\n\n\n<p><\/p>","protected":false},"excerpt":{"rendered":"<p>FACEBOOK &#8211; TEEMANDITIKAND O\u00dc Tasuta transport Eestis pakiautomaati k\u00f5igile tellimustele \u00fcle 40\u20ac.L\u00e4ti ja Leedu alates 50\u20acTere tulemast teemanditikandite maailma. Tegu on v\u00e4ga meeldiva hobiga mille tulemuseks on kaunid teemantmaalid. Inglise keeles tuntud ka kui Diamond Painting. Mis on teemanditikand? Teemanditikand on t\u00e4nap\u00e4eval \u00fcha populaarsemaks muutuv k\u00e4sit\u00f6\u00f6hobi, mis \u00fchendab endas ristpistes t\u00f6\u00f6 tegemise ja v\u00e4rvide j\u00e4rgi &hellip;<\/p>\n<p class=\"read-more\"> <a class=\"thunk-readmore button\" href=\"https:\/\/teemanditikand.ee\/lt\/\"> <span class=\"screen-reader-text\">Titulinis lapas<\/span>Read More<\/a><\/p>","protected":false},"author":1,"featured_media":14576,"parent":0,"menu_order":0,"comment_status":"closed","ping_status":"closed","template":"","meta":{"footnotes":"[]"},"class_list":["post-53","page","type-page","status-publish","has-post-thumbnail","hentry","thunk-woo-product-list","opn-qv-enable","open-woo-hover-none","open-single-product-tab-horizontal","open-shadow-","open-shadow-hover-"],"_links":{"self":[{"href":"https:\/\/teemanditikand.ee\/lt\/wp-json\/wp\/v2\/pages\/53","targetHints":{"allow":["GET"]}}],"collection":[{"href":"https:\/\/teemanditikand.ee\/lt\/wp-json\/wp\/v2\/pages"}],"about":[{"href":"https:\/\/teemanditikand.ee\/lt\/wp-json\/wp\/v2\/types\/page"}],"author":[{"embeddable":true,"href":"https:\/\/teemanditikand.ee\/lt\/wp-json\/wp\/v2\/users\/1"}],"replies":[{"embeddable":true,"href":"https:\/\/teemanditikand.ee\/lt\/wp-json\/wp\/v2\/comments?post=53"}],"version-history":[{"count":95,"href":"https:\/\/teemanditikand.ee\/lt\/wp-json\/wp\/v2\/pages\/53\/revisions"}],"predecessor-version":[{"id":20248,"href":"https:\/\/teemanditikand.ee\/lt\/wp-json\/wp\/v2\/pages\/53\/revisions\/20248"}],"wp:featuredmedia":[{"embeddable":true,"href":"https:\/\/teemanditikand.ee\/lt\/wp-json\/wp\/v2\/media\/14576"}],"wp:attachment":[{"href":"https:\/\/teemanditikand.ee\/lt\/wp-json\/wp\/v2\/media?parent=53"}],"curies":[{"name":"wp","href":"https:\/\/api.w.org\/{rel}","templated":true}]}}