{"id":81,"date":"2020-12-27T21:32:31","date_gmt":"2020-12-27T19:32:31","guid":{"rendered":"https:\/\/teemanditikand.ee\/?page_id=81"},"modified":"2024-04-26T14:37:56","modified_gmt":"2024-04-26T12:37:56","slug":"muugitingimused","status":"publish","type":"page","link":"https:\/\/teemanditikand.ee\/lt\/muugitingimused\/","title":{"rendered":"Pardavimo s\u0105lygos"},"content":{"rendered":"<p>Internetin\u0117s parduotuv\u0117s TEMANDITIKAND.EE (toliau Internetin\u0117 parduotuv\u0117) operatorius yra O\u00dc Teemantmaalid<strong><em> (registro kodas<\/em><\/strong> 16954859 ),<br>Adresas: S\u00f5bra 14, Tartu, Estija.<\/p>\n\n\n\n<p><br>Pardavimo sutarties galiojimas, informacija apie prekes ir kainas<br>Pardavimo s\u0105lygos taikomos perkant prekes i\u0161 Internetin\u0117s parduotuv\u0117s.<br>Internetin\u0117je parduotuv\u0117je parduodam\u0173 preki\u0173 kainos nurodytos prie preki\u0173. Prie kainos pridedamas mokestis<br>u\u017e preki\u0173 pristatym\u0105.<br>Pristatymo mokestis priklauso nuo pirk\u0117jo vietos ir pristatymo b\u016bdo.<br>Pristatymo mokestis pirk\u0117jui bus nurodytas u\u017esakant.<br>Informacija apie prekes pateikiama Internetin\u0117je parduotuv\u0117je tiesiai prie preki\u0173.<br>Darant u\u017esakym\u0105<br>Nor\u0117dami u\u017esisakyti prekes, turite \u012fd\u0117ti norimas prekes \u012f pirkini\u0173 krep\u0161el\u012f. Turite u\u017epildyti u\u017esakymo form\u0105<br>b\u016btinus laukus ir pasirinkite tinkam\u0105 preki\u0173 pristatymo b\u016bd\u0105. Tada rodoma<br>mokes\u010dio dydis, kur\u012f galima sumok\u0117ti banko nuoroda ar kitu mok\u0117jimo b\u016bdu.<br>Sutartis \u012fsigalioja gavus mok\u0117tin\u0105 sum\u0105 \u012f Internetin\u0117s parduotuv\u0117s atsiskaitom\u0105j\u0105 s\u0105skait\u0105.<br>Jeigu u\u017esakytos prek\u0117s negali b\u016bti pristatytos d\u0117l prek\u0117s pasibaigimo ar d\u0117l kit\u0173 prie\u017eas\u010di\u0173,<br>kuo skubiau informuojamas pirk\u0117jas ir gr\u0105\u017einami sumok\u0117ti pinigai (taip pat ir prek\u0117s).<br>pristatymo i\u0161laidas) nedelsiant, bet ne v\u0117liau kaip per 14 dien\u0173 nuo prane\u0161imo gavimo.<br>Pristatymas<br>Prek\u0117s siun\u010diamos \u012f \u0161ias \u0161alis: Estija<strong><em><br>Siuntimo i\u0161laidas apmoka pirk\u0117jas, o atitinkama kainos informacija pateikiama prie siuntimo b\u016bdo.<br>Siuntos Estijos viduje da\u017eniausiai pasiekia pirk\u0117jo nurodyt\u0105 paskirties viet\u0105 per 2-4 darbo dienas nuo<br>pirkimo-pardavimo sutarties \u012fsigaliojimo. <br>I\u0161imtiniais atvejais suteikiama teis\u0117 prekes pristatyti per iki 45 kalendorini\u0173 dien\u0173.<br>Teis\u0117 atsisakyti sutarties<br>Pirk\u0117jas, gav\u0119s u\u017esakym\u0105, turi teis\u0119 per 14 dien\u0173 atsisakyti elektronin\u0117je parduotuv\u0117je sudarytos sutarties<br><br>Atsisakymo teis\u0117 netaikoma, jei pirk\u0117jas yra juridinis asmuo.<br><\/em><\/strong><\/p>\n\n\n\n<p><strong><em>Norint pasinaudoti 14 dien\u0173 gr\u0105\u017einimo teise, u\u017esakytos prek\u0117s negali b\u016bti naudojamos kitaip nei<br>b\u016btinas norint \u012fsitikinti preki\u0173 pob\u016bd\u017eiu, savyb\u0117mis ir veikimu preki\u0173 leid\u017eiamu b\u016bdu<br>testavimui fizin\u0117je parduotuv\u0117je.<br>Jeigu prek\u0117s buvo naudojamos kitiems tikslams nei b\u016btini d\u0117l j\u0173 pob\u016bd\u017eio, savybi\u0173 ir<br>arba matyti naudojimo ar nusid\u0117v\u0117jimo \u017eymi\u0173, Internetin\u0117 parduotuv\u0117 turi teis\u0119<br>suma\u017einti gr\u0105\u017einam\u0105 mokest\u012f pagal prek\u0117s vert\u0117s suma\u017e\u0117jim\u0105.<br>Norint gr\u0105\u017einti prek\u0119, reikia pateikti pra\u0161ym\u0105 d\u0117l prek\u0117s atsisakymo, kurio form\u0105 rasite<br>i\u0161 \u010dia: atsisakymo pra\u0161ym\u0105 ir ne v\u0117liau kaip per 14 dien\u0173 atsi\u0173skite el. pa\u0161to adresu<br>kvitas.<br>Preki\u0173 gr\u0105\u017einimo i\u0161laidas apmoka pirk\u0117jas, nebent gr\u0105\u017einimo prie\u017eastis yra<br>tai, kad gr\u0105\u017einama prek\u0117 neatitinka to, kas buvo u\u017esakyta (pvz., netinkama ar nekokybi\u0161ka prek\u0117).<br>Pirk\u0117jas privalo gr\u0105\u017einti prekes per 14 dien\u0173 nuo pra\u0161ymo pateikimo arba pateikti \u012frodymus, kad:<br>per t\u0105 laikotarp\u012f jis prekes perdav\u0117 ve\u017e\u0117jui.<br>Gr\u0105\u017eintas prekes internetin\u0117 parduotuv\u0117 gr\u0105\u017eins pirk\u0117jui nedelsiant, bet ne v\u0117liau kaip 14 val<br>dien\u0173 nuo pra\u0161ymo atsisakyti sutarties gavimo, visi mok\u0117jimai, gauti i\u0161 pirk\u0117jo pagal sutart\u012f.<br>Internetin\u0117 parduotuv\u0117 gali atsisakyti gr\u0105\u017einti pinigus tol, kol yra sutarties objektas<br>gavo atgal.<br>Jei pirk\u0117jas ai\u0161kiai pasirinko pigiausi\u0105 \u012fprastin\u0119 prek\u0119, kuri\u0105 si\u016blo internetin\u0117 parduotuv\u0117<br>kitoks nei pristatymo b\u016bdas, Internetin\u0117 parduotuv\u0117 neprivalo jo gr\u0105\u017einti vartotojui<br>i\u0161laidos, vir\u0161ijan\u010dios \u012fprasto pristatymo b\u016bdo kain\u0105.<br>Internetin\u0117 parduotuv\u0117 turi teis\u0119 atsisakyti pirkimo-pardavimo sandorio ir reikalauti i\u0161 pirk\u0117jo gr\u0105\u017einti prek\u0119, jei prek\u0117s kaina<br>d\u0117l klaidos internetin\u0117 parduotuv\u0117 pa\u017eym\u0117jo \u017eenkliai \u017eemesn\u0119 u\u017e prek\u0117s rinkos kain\u0105.<br><\/em><\/strong><em><strong>Teis\u0117 pateikti skund\u0105<br><\/strong><\/em><strong><em>Internetin\u0117 parduotuv\u0117 atsako u\u017e pirk\u0117jui parduot\u0173 preki\u0173 neatitikim\u0105 ar brok\u0105,<br>kuris jau egzistavo preki\u0173 perdavimo metu ir atsiranda per dvejus metus nuo prek\u0117s<br>perduoti pirk\u0117jui. Per pirmuosius \u0161e\u0161is m\u0117nesius nuo pristatymo pirk\u0117jui dienos tikimasi, kad:<br>tr\u016bkumas jau egzistavo perdavimo metu. Internetin\u0117 parduotuv\u0117 yra paneigta<br>\u012fsipareigojimas.<br>Pirk\u0117jas turi teis\u0119 ne v\u0117liau kaip per du m\u0117nesius susisiekti su internetine parduotuve, atsi\u0173sdamas el <\/em><\/strong><br><strong><em>info@teemanditikand.ee<\/em><\/strong>.<strong><em><br>Internetin\u0117 parduotuv\u0117 neatsako u\u017e tr\u016bkumus, atsiradusius po prek\u0117s pristatymo pirk\u0117jui.<br>Jeigu Internetin\u0117je parduotuv\u0117je \u012fsigytos prek\u0117s turi tr\u016bkum\u0173, u\u017e kuriuos atsakinga Internetin\u0117 parduotuv\u0117, pataisykite arba<br>pakei\u010dia nekokybi\u0161kas prekes Internetin\u0117je parduotuv\u0117je. Jei prek\u0117s negalima pataisyti ar pakeisti,<br>Internetin\u0117 parduotuv\u0117 gr\u0105\u017eins pirk\u0117jui visus su pirkimo-pardavimo sutartimi susijusius mokes\u010dius.<br>Internetin\u0117 parduotuv\u0117 \u012f vartotojo skund\u0105 atsako ra\u0161tu arba pateikdama ra\u0161ytin\u0119 reprodukcij\u0105<br>per 15 dien\u0173.<br>Tiesiogin\u0117 rinkodara ir asmens duomen\u0173 tvarkymas<br>Internetin\u0117je parduotuv\u0117je naudojami pirk\u0117jo \u012fvesti asmens duomenys (\u012fskaitant vard\u0105, pavard\u0119, telefono numer\u012f, adres\u0105, el.<br>adresas, banko rekvizitai) tik u\u017esakymui apdoroti ir i\u0161si\u0173sti prekes pirk\u0117jui.<br>Internetin\u0117 parduotuv\u0117 asmens duomenis perduoda transporto \u012fmon\u0117ms pristatymui<br>prek\u0117s.<br>Internetin\u0117 parduotuv\u0117 pirk\u0117jui naujienlai\u0161kius ir pasi\u016blymus si\u0173s pirk\u0117jo elektroninio pa\u0161to adresu tik tuo atveju, jei pirk\u0117jas<br>interneto svetain\u0117je \u012fvesdamas elektroninio pa\u0161to adres\u0105 i\u0161rei\u0161k\u0117 nor\u0105 tai padaryti ir savo nor\u0105 nurod\u0117<br>gauti prane\u0161imus tiesioginiu pa\u0161tu.<br>Pirk\u0117jas gali bet kada atsisakyti pasi\u016blym\u0173 ir naujienlai\u0161ki\u0173 el. pa\u0161tu<br>prane\u0161kite mums el. pa\u0161tu arba vadovaudamiesi instrukcijomis el. lai\u0161ke su pasi\u016blymais.<br>Argument\u0173 sprendimas<br>Jeigu Pirk\u0117jas turi nusiskundim\u0173 d\u0117l Internetin\u0117s parduotuv\u0117s, jie turi b\u016bti siun\u010diami el<\/em><\/strong> info@teemanditikand.ee arba<br>skambinti telefonu: <strong><em>+372 566 370 89<\/em><\/strong><br>Pirk\u0117jui ir Internetinei parduotuvei nepavykus gin\u010do i\u0161spr\u0119sti susitarimu, pirk\u0117jas gal\u0117s tai padaryti<br>kreiptis \u012f Vartotoj\u0173 gin\u010d\u0173 komisij\u0105. Su proced\u016brin\u0117mis s\u0105lygomis ir pra\u0161ymu galima susipa\u017einti<br>pateikti \u010dia. Vartotoj\u0173 gin\u010d\u0173 komisija yra kompetentinga spr\u0119sti pirk\u0117jo ir Internetin\u0117s parduotuv\u0117s susitarim\u0105<br>gin\u010dai, kylantys i\u0161 sutarties. Pirk\u0117jo skundo nagrin\u0117jimas komisijoje yra nemokamas.<br>Pirk\u0117jas gali kreiptis \u012f Europos S\u0105jungos vartotoj\u0173 gin\u010d\u0173 sprendimo platform\u0105.<\/p>\n\n\n\n<p><\/p>","protected":false},"excerpt":{"rendered":"<p>Veebipoe TEEMANDITIKAND.EE (edaspidi Veebipood) haldaja on O\u00dc Teemantmaalid (registrikood 16954859 ),Asukohaga S\u00f5bra 14, Tartu, Eesti. M\u00fc\u00fcgilepingu kehtivus, kauba- ja hinnainfoM\u00fc\u00fcgitingimused kehtivad Veebipoest kaupade ostmisel.Veebipoes m\u00fc\u00fcdavate toodete hinnad on m\u00e4rgitud toodete juurde. Hinnale lisandub tasukauba k\u00e4ttetoimetamise eest.Kauba k\u00e4ttetoimetamise tasu s\u00f5ltub ostja asukohast ning k\u00e4ttetoimetamise viisist.K\u00e4ttetoimetamise tasu kuvatakse ostjale tellimuse vormistamisel.Teave kauba kohta on esitatud Veebipoes vahetult &hellip;<\/p>\n<p class=\"read-more\"> <a class=\"thunk-readmore button\" href=\"https:\/\/teemanditikand.ee\/lt\/muugitingimused\/\"> <span class=\"screen-reader-text\">Pardavimo s\u0105lygos<\/span>Read More<\/a><\/p>","protected":false},"author":1,"featured_media":0,"parent":0,"menu_order":0,"comment_status":"closed","ping_status":"closed","template":"","meta":{"footnotes":""},"class_list":["post-81","page","type-page","status-publish","hentry","thunk-woo-product-list","opn-qv-enable","open-woo-hover-none","open-single-product-tab-horizontal","open-shadow-","open-shadow-hover-"],"_links":{"self":[{"href":"https:\/\/teemanditikand.ee\/lt\/wp-json\/wp\/v2\/pages\/81","targetHints":{"allow":["GET"]}}],"collection":[{"href":"https:\/\/teemanditikand.ee\/lt\/wp-json\/wp\/v2\/pages"}],"about":[{"href":"https:\/\/teemanditikand.ee\/lt\/wp-json\/wp\/v2\/types\/page"}],"author":[{"embeddable":true,"href":"https:\/\/teemanditikand.ee\/lt\/wp-json\/wp\/v2\/users\/1"}],"replies":[{"embeddable":true,"href":"https:\/\/teemanditikand.ee\/lt\/wp-json\/wp\/v2\/comments?post=81"}],"version-history":[{"count":3,"href":"https:\/\/teemanditikand.ee\/lt\/wp-json\/wp\/v2\/pages\/81\/revisions"}],"predecessor-version":[{"id":13558,"href":"https:\/\/teemanditikand.ee\/lt\/wp-json\/wp\/v2\/pages\/81\/revisions\/13558"}],"wp:attachment":[{"href":"https:\/\/teemanditikand.ee\/lt\/wp-json\/wp\/v2\/media?parent=81"}],"curies":[{"name":"wp","href":"https:\/\/api.w.org\/{rel}","templated":true}]}}