{"id":11373,"date":"2023-11-14T18:23:00","date_gmt":"2023-11-14T16:23:00","guid":{"rendered":"https:\/\/teemanditikand.ee\/?post_type=product&#038;p=11373"},"modified":"2026-03-19T19:36:44","modified_gmt":"2026-03-19T17:36:44","slug":"teemandikohver-purkidega-60-le-tarvikud-kaasas","status":"publish","type":"product","link":"https:\/\/teemanditikand.ee\/lt\/produktas\/teemandikohver-purkidega-60-le-tarvikud-kaasas\/","title":{"rendered":"Deimantinis d\u0117klas su skardin\u0117mis po 60, pridedami priedai."},"content":{"rendered":"","protected":false},"excerpt":{"rendered":"<p><strong>Didel\u0117s skardin\u0117s, priedai <\/strong><strong>su juo pateiktame paveiksl\u0117lyje. J\u016bs negalite pasirinkti patys.\u00a0<\/strong><\/p>","protected":false},"featured_media":11407,"template":"","meta":[],"product_brand":[],"product_cat":[19],"product_tag":[],"class_list":{"0":"post-11373","1":"product","2":"type-product","3":"status-publish","4":"has-post-thumbnail","6":"product_cat-akssessuaarid","7":"thunk-woo-product-list","8":"opn-qv-enable","9":"open-woo-hover-none","10":"open-single-product-tab-horizontal","11":"open-shadow-","12":"open-shadow-hover-","14":"first","15":"instock","16":"shipping-taxable","17":"purchasable","18":"product-type-simple"},"_links":{"self":[{"href":"https:\/\/teemanditikand.ee\/lt\/wp-json\/wp\/v2\/product\/11373","targetHints":{"allow":["GET"]}}],"collection":[{"href":"https:\/\/teemanditikand.ee\/lt\/wp-json\/wp\/v2\/product"}],"about":[{"href":"https:\/\/teemanditikand.ee\/lt\/wp-json\/wp\/v2\/types\/product"}],"wp:featuredmedia":[{"embeddable":true,"href":"https:\/\/teemanditikand.ee\/lt\/wp-json\/wp\/v2\/media\/11407"}],"wp:attachment":[{"href":"https:\/\/teemanditikand.ee\/lt\/wp-json\/wp\/v2\/media?parent=11373"}],"wp:term":[{"taxonomy":"product_brand","embeddable":true,"href":"https:\/\/teemanditikand.ee\/lt\/wp-json\/wp\/v2\/product_brand?post=11373"},{"taxonomy":"product_cat","embeddable":true,"href":"https:\/\/teemanditikand.ee\/lt\/wp-json\/wp\/v2\/product_cat?post=11373"},{"taxonomy":"product_tag","embeddable":true,"href":"https:\/\/teemanditikand.ee\/lt\/wp-json\/wp\/v2\/product_tag?post=11373"}],"curies":[{"name":"wp","href":"https:\/\/api.w.org\/{rel}","templated":true}]}}