{"id":11403,"date":"2023-11-14T18:44:47","date_gmt":"2023-11-14T16:44:47","guid":{"rendered":"https:\/\/teemanditikand.ee\/?post_type=product&#038;p=11403"},"modified":"2026-02-24T12:54:10","modified_gmt":"2026-02-24T10:54:10","slug":"raamatujarjehoidjad-sulgedega-3tk","status":"publish","type":"product","link":"https:\/\/teemanditikand.ee\/lt\/produktas\/raamatujarjehoidjad-sulgedega-3tk\/","title":{"rendered":"\u017dym\u0117s su plunksnomis 3 vnt"},"content":{"rendered":"","protected":false},"excerpt":{"rendered":"<p>Turite b\u016bti pasiruo\u0161\u0119 siuvin\u0117ti patys<\/p>","protected":false},"featured_media":11404,"template":"","meta":[],"product_brand":[],"product_cat":[49],"product_tag":[],"class_list":{"0":"post-11403","1":"product","2":"type-product","3":"status-publish","4":"has-post-thumbnail","6":"product_cat-muud-tooted","7":"thunk-woo-product-list","8":"opn-qv-enable","9":"open-woo-hover-none","10":"open-single-product-tab-horizontal","11":"open-shadow-","12":"open-shadow-hover-","14":"first","15":"instock","16":"sale","17":"shipping-taxable","18":"purchasable","19":"product-type-simple"},"_links":{"self":[{"href":"https:\/\/teemanditikand.ee\/lt\/wp-json\/wp\/v2\/product\/11403","targetHints":{"allow":["GET"]}}],"collection":[{"href":"https:\/\/teemanditikand.ee\/lt\/wp-json\/wp\/v2\/product"}],"about":[{"href":"https:\/\/teemanditikand.ee\/lt\/wp-json\/wp\/v2\/types\/product"}],"wp:featuredmedia":[{"embeddable":true,"href":"https:\/\/teemanditikand.ee\/lt\/wp-json\/wp\/v2\/media\/11404"}],"wp:attachment":[{"href":"https:\/\/teemanditikand.ee\/lt\/wp-json\/wp\/v2\/media?parent=11403"}],"wp:term":[{"taxonomy":"product_brand","embeddable":true,"href":"https:\/\/teemanditikand.ee\/lt\/wp-json\/wp\/v2\/product_brand?post=11403"},{"taxonomy":"product_cat","embeddable":true,"href":"https:\/\/teemanditikand.ee\/lt\/wp-json\/wp\/v2\/product_cat?post=11403"},{"taxonomy":"product_tag","embeddable":true,"href":"https:\/\/teemanditikand.ee\/lt\/wp-json\/wp\/v2\/product_tag?post=11403"}],"curies":[{"name":"wp","href":"https:\/\/api.w.org\/{rel}","templated":true}]}}