{"id":11613,"date":"2023-11-15T13:17:12","date_gmt":"2023-11-15T11:17:12","guid":{"rendered":"https:\/\/teemanditikand.ee\/?post_type=product&#038;p=11613"},"modified":"2024-11-18T15:53:59","modified_gmt":"2024-11-18T13:53:59","slug":"valgustusega-suur-ripats-punased-lilled-votmehoidja-kaasas","status":"publish","type":"product","link":"https:\/\/teemanditikand.ee\/lt\/produktas\/valgustusega-suur-ripats-punased-lilled-votmehoidja-kaasas\/","title":{"rendered":"SU AP\u0160VIETIMU Didel\u0117s pakabos raudonos g\u0117l\u0117s (\u012ftrauktas rakt\u0173 laikiklis)"},"content":{"rendered":"","protected":false},"excerpt":{"rendered":"<p>Yra su grandin\u0117le ir rakt\u0173 pakabuku. NB! BATERIJAS NE\u012eSKAI\u010cIUOTA.<\/p>\n<p>Galima naudoti kaip dekoracij\u0105 ir kabinti kur tik nori. Turite b\u016bti pasiruo\u0161\u0119 siuvin\u0117ti patys.<\/p>","protected":false},"featured_media":11614,"template":"","meta":[],"product_brand":[],"product_cat":[49],"product_tag":[],"class_list":{"0":"post-11613","1":"product","2":"type-product","3":"status-publish","4":"has-post-thumbnail","6":"product_cat-muud-tooted","7":"thunk-woo-product-list","8":"opn-qv-enable","9":"open-woo-hover-none","10":"open-single-product-tab-horizontal","11":"open-shadow-","12":"open-shadow-hover-","14":"first","15":"instock","16":"shipping-taxable","17":"purchasable","18":"product-type-simple"},"_links":{"self":[{"href":"https:\/\/teemanditikand.ee\/lt\/wp-json\/wp\/v2\/product\/11613","targetHints":{"allow":["GET"]}}],"collection":[{"href":"https:\/\/teemanditikand.ee\/lt\/wp-json\/wp\/v2\/product"}],"about":[{"href":"https:\/\/teemanditikand.ee\/lt\/wp-json\/wp\/v2\/types\/product"}],"wp:featuredmedia":[{"embeddable":true,"href":"https:\/\/teemanditikand.ee\/lt\/wp-json\/wp\/v2\/media\/11614"}],"wp:attachment":[{"href":"https:\/\/teemanditikand.ee\/lt\/wp-json\/wp\/v2\/media?parent=11613"}],"wp:term":[{"taxonomy":"product_brand","embeddable":true,"href":"https:\/\/teemanditikand.ee\/lt\/wp-json\/wp\/v2\/product_brand?post=11613"},{"taxonomy":"product_cat","embeddable":true,"href":"https:\/\/teemanditikand.ee\/lt\/wp-json\/wp\/v2\/product_cat?post=11613"},{"taxonomy":"product_tag","embeddable":true,"href":"https:\/\/teemanditikand.ee\/lt\/wp-json\/wp\/v2\/product_tag?post=11613"}],"curies":[{"name":"wp","href":"https:\/\/api.w.org\/{rel}","templated":true}]}}