{"id":11617,"date":"2023-11-15T13:19:22","date_gmt":"2023-11-15T11:19:22","guid":{"rendered":"https:\/\/teemanditikand.ee\/?post_type=product&#038;p=11617"},"modified":"2025-01-24T09:12:32","modified_gmt":"2025-01-24T07:12:32","slug":"valgustusega-suur-ripats-tulbid-votmehoidja-kaasas","status":"publish","type":"product","link":"https:\/\/teemanditikand.ee\/lt\/produktas\/valgustusega-suur-ripats-tulbid-votmehoidja-kaasas\/","title":{"rendered":"SU \u0160VIESA Didel\u0117s pakabos tulp\u0117s (\u012ftrauktas rakt\u0173 laikiklis)"},"content":{"rendered":"","protected":false},"excerpt":{"rendered":"<p>Yra su grandin\u0117le ir rakt\u0173 pakabuku. NB! BATERIJAS NE\u012eSKAI\u010cIUOTA.<\/p>\n<p>Galima naudoti kaip dekoracij\u0105 ir kabinti kur tik nori. Turite b\u016bti pasiruo\u0161\u0119 siuvin\u0117ti patys.<\/p>","protected":false},"featured_media":11618,"template":"","meta":[],"product_brand":[],"product_cat":[49],"product_tag":[],"class_list":{"0":"post-11617","1":"product","2":"type-product","3":"status-publish","4":"has-post-thumbnail","6":"product_cat-muud-tooted","7":"thunk-woo-product-list","8":"opn-qv-enable","9":"open-woo-hover-none","10":"open-single-product-tab-horizontal","11":"open-shadow-","12":"open-shadow-hover-","14":"first","15":"instock","16":"shipping-taxable","17":"purchasable","18":"product-type-simple"},"_links":{"self":[{"href":"https:\/\/teemanditikand.ee\/lt\/wp-json\/wp\/v2\/product\/11617","targetHints":{"allow":["GET"]}}],"collection":[{"href":"https:\/\/teemanditikand.ee\/lt\/wp-json\/wp\/v2\/product"}],"about":[{"href":"https:\/\/teemanditikand.ee\/lt\/wp-json\/wp\/v2\/types\/product"}],"wp:featuredmedia":[{"embeddable":true,"href":"https:\/\/teemanditikand.ee\/lt\/wp-json\/wp\/v2\/media\/11618"}],"wp:attachment":[{"href":"https:\/\/teemanditikand.ee\/lt\/wp-json\/wp\/v2\/media?parent=11617"}],"wp:term":[{"taxonomy":"product_brand","embeddable":true,"href":"https:\/\/teemanditikand.ee\/lt\/wp-json\/wp\/v2\/product_brand?post=11617"},{"taxonomy":"product_cat","embeddable":true,"href":"https:\/\/teemanditikand.ee\/lt\/wp-json\/wp\/v2\/product_cat?post=11617"},{"taxonomy":"product_tag","embeddable":true,"href":"https:\/\/teemanditikand.ee\/lt\/wp-json\/wp\/v2\/product_tag?post=11617"}],"curies":[{"name":"wp","href":"https:\/\/api.w.org\/{rel}","templated":true}]}}