{"id":11634,"date":"2023-11-15T13:56:47","date_gmt":"2023-11-15T11:56:47","guid":{"rendered":"https:\/\/teemanditikand.ee\/?post_type=product&#038;p=11634"},"modified":"2025-10-02T20:12:31","modified_gmt":"2025-10-02T18:12:31","slug":"6-kuumaalused-lobusad-loomad-hoidik","status":"publish","type":"product","link":"https:\/\/teemanditikand.ee\/lt\/produktas\/6-kuumaalused-lobusad-loomad-hoidik\/","title":{"rendered":"6 juokingi gyv\u016bnai po m\u0117nuliu + laikiklis"},"content":{"rendered":"","protected":false},"excerpt":{"rendered":"<p>Priedai yra pridedami ir j\u016bs turite siuvin\u0117ti patys<\/p>","protected":false},"featured_media":11635,"template":"","meta":[],"product_brand":[],"product_cat":[76],"product_tag":[],"class_list":{"0":"post-11634","1":"product","2":"type-product","3":"status-publish","4":"has-post-thumbnail","6":"product_cat-kuumaalused","7":"thunk-woo-product-list","8":"opn-qv-enable","9":"open-woo-hover-none","10":"open-single-product-tab-horizontal","11":"open-shadow-","12":"open-shadow-hover-","14":"first","15":"instock","16":"shipping-taxable","17":"purchasable","18":"product-type-simple"},"_links":{"self":[{"href":"https:\/\/teemanditikand.ee\/lt\/wp-json\/wp\/v2\/product\/11634","targetHints":{"allow":["GET"]}}],"collection":[{"href":"https:\/\/teemanditikand.ee\/lt\/wp-json\/wp\/v2\/product"}],"about":[{"href":"https:\/\/teemanditikand.ee\/lt\/wp-json\/wp\/v2\/types\/product"}],"wp:featuredmedia":[{"embeddable":true,"href":"https:\/\/teemanditikand.ee\/lt\/wp-json\/wp\/v2\/media\/11635"}],"wp:attachment":[{"href":"https:\/\/teemanditikand.ee\/lt\/wp-json\/wp\/v2\/media?parent=11634"}],"wp:term":[{"taxonomy":"product_brand","embeddable":true,"href":"https:\/\/teemanditikand.ee\/lt\/wp-json\/wp\/v2\/product_brand?post=11634"},{"taxonomy":"product_cat","embeddable":true,"href":"https:\/\/teemanditikand.ee\/lt\/wp-json\/wp\/v2\/product_cat?post=11634"},{"taxonomy":"product_tag","embeddable":true,"href":"https:\/\/teemanditikand.ee\/lt\/wp-json\/wp\/v2\/product_tag?post=11634"}],"curies":[{"name":"wp","href":"https:\/\/api.w.org\/{rel}","templated":true}]}}