{"id":11638,"date":"2023-11-15T13:58:11","date_gmt":"2023-11-15T11:58:11","guid":{"rendered":"https:\/\/teemanditikand.ee\/?post_type=product&#038;p=11638"},"modified":"2025-10-17T15:27:27","modified_gmt":"2025-10-17T13:27:27","slug":"6-kuumaalused-lehmad-hoidik","status":"publish","type":"product","link":"https:\/\/teemanditikand.ee\/lt\/produktas\/6-kuumaalused-lehmad-hoidik\/","title":{"rendered":"6 karv\u0117s po m\u0117nuliu + laikiklis"},"content":{"rendered":"","protected":false},"excerpt":{"rendered":"<p>Priedai yra pridedami ir j\u016bs turite siuvin\u0117ti patys<\/p>","protected":false},"featured_media":11639,"template":"","meta":[],"product_brand":[],"product_cat":[76],"product_tag":[],"class_list":{"0":"post-11638","1":"product","2":"type-product","3":"status-publish","4":"has-post-thumbnail","6":"product_cat-kuumaalused","7":"thunk-woo-product-list","8":"opn-qv-enable","9":"open-woo-hover-none","10":"open-single-product-tab-horizontal","11":"open-shadow-","12":"open-shadow-hover-","14":"first","15":"instock","16":"shipping-taxable","17":"purchasable","18":"product-type-simple"},"_links":{"self":[{"href":"https:\/\/teemanditikand.ee\/lt\/wp-json\/wp\/v2\/product\/11638","targetHints":{"allow":["GET"]}}],"collection":[{"href":"https:\/\/teemanditikand.ee\/lt\/wp-json\/wp\/v2\/product"}],"about":[{"href":"https:\/\/teemanditikand.ee\/lt\/wp-json\/wp\/v2\/types\/product"}],"wp:featuredmedia":[{"embeddable":true,"href":"https:\/\/teemanditikand.ee\/lt\/wp-json\/wp\/v2\/media\/11639"}],"wp:attachment":[{"href":"https:\/\/teemanditikand.ee\/lt\/wp-json\/wp\/v2\/media?parent=11638"}],"wp:term":[{"taxonomy":"product_brand","embeddable":true,"href":"https:\/\/teemanditikand.ee\/lt\/wp-json\/wp\/v2\/product_brand?post=11638"},{"taxonomy":"product_cat","embeddable":true,"href":"https:\/\/teemanditikand.ee\/lt\/wp-json\/wp\/v2\/product_cat?post=11638"},{"taxonomy":"product_tag","embeddable":true,"href":"https:\/\/teemanditikand.ee\/lt\/wp-json\/wp\/v2\/product_tag?post=11638"}],"curies":[{"name":"wp","href":"https:\/\/api.w.org\/{rel}","templated":true}]}}