{"id":11644,"date":"2023-11-15T14:00:46","date_gmt":"2023-11-15T12:00:46","guid":{"rendered":"https:\/\/teemanditikand.ee\/?post_type=product&#038;p=11644"},"modified":"2025-03-13T18:21:55","modified_gmt":"2025-03-13T16:21:55","slug":"8-kuumaalused-roosidkuud-hoidik","status":"publish","type":"product","link":"https:\/\/teemanditikand.ee\/lt\/produktas\/8-kuumaalused-roosidkuud-hoidik\/","title":{"rendered":"8 m\u0117nulio ro\u017e\u0117s ir m\u0117nuliai + laikiklis"},"content":{"rendered":"","protected":false},"excerpt":{"rendered":"<p>Priedai yra pridedami ir j\u016bs turite siuvin\u0117ti patys<\/p>","protected":false},"featured_media":11645,"template":"","meta":[],"product_brand":[],"product_cat":[76],"product_tag":[],"class_list":{"0":"post-11644","1":"product","2":"type-product","3":"status-publish","4":"has-post-thumbnail","6":"product_cat-kuumaalused","7":"thunk-woo-product-list","8":"opn-qv-enable","9":"open-woo-hover-none","10":"open-single-product-tab-horizontal","11":"open-shadow-","12":"open-shadow-hover-","14":"first","15":"instock","16":"shipping-taxable","17":"purchasable","18":"product-type-simple"},"_links":{"self":[{"href":"https:\/\/teemanditikand.ee\/lt\/wp-json\/wp\/v2\/product\/11644","targetHints":{"allow":["GET"]}}],"collection":[{"href":"https:\/\/teemanditikand.ee\/lt\/wp-json\/wp\/v2\/product"}],"about":[{"href":"https:\/\/teemanditikand.ee\/lt\/wp-json\/wp\/v2\/types\/product"}],"wp:featuredmedia":[{"embeddable":true,"href":"https:\/\/teemanditikand.ee\/lt\/wp-json\/wp\/v2\/media\/11645"}],"wp:attachment":[{"href":"https:\/\/teemanditikand.ee\/lt\/wp-json\/wp\/v2\/media?parent=11644"}],"wp:term":[{"taxonomy":"product_brand","embeddable":true,"href":"https:\/\/teemanditikand.ee\/lt\/wp-json\/wp\/v2\/product_brand?post=11644"},{"taxonomy":"product_cat","embeddable":true,"href":"https:\/\/teemanditikand.ee\/lt\/wp-json\/wp\/v2\/product_cat?post=11644"},{"taxonomy":"product_tag","embeddable":true,"href":"https:\/\/teemanditikand.ee\/lt\/wp-json\/wp\/v2\/product_tag?post=11644"}],"curies":[{"name":"wp","href":"https:\/\/api.w.org\/{rel}","templated":true}]}}