{"id":14849,"date":"2024-10-07T08:08:37","date_gmt":"2024-10-07T06:08:37","guid":{"rendered":"https:\/\/teemanditikand.ee\/?post_type=product&#038;p=14849"},"modified":"2025-12-03T15:20:51","modified_gmt":"2025-12-03T13:20:51","slug":"hello-kitty-18x23-cm-raam-kaasas","status":"publish","type":"product","link":"https:\/\/teemanditikand.ee\/lt\/produktas\/hello-kitty-18x23-cm-raam-kaasas\/","title":{"rendered":"Hello kitty 18\u00d723 cm (R\u0116MAS \u012eSKAI\u010cIUOTA)"},"content":{"rendered":"","protected":false},"excerpt":{"rendered":"<p>Pridedami priedai<\/p>\n<p><strong>Visi m\u016bs\u0173 parduodami deimantiniai siuvin\u0117jimai yra su:<\/strong><br \/>\n<strong>Auk\u0161tos kokyb\u0117s pagrindas (su klijais), kuriame tvirtinate deimantus, akrilinius deimantus, pagrind\u0105 deimantams laikyti, tvirtinimo ra\u0161ikl\u012f ir va\u0161k\u0105 tvirtinimo ra\u0161ikliui<\/strong><\/p>","protected":false},"featured_media":14850,"template":"","meta":[],"product_brand":[],"product_cat":[51],"product_tag":[],"class_list":{"0":"post-14849","1":"product","2":"type-product","3":"status-publish","4":"has-post-thumbnail","6":"product_cat-lastele-teemandikandid","7":"thunk-woo-product-list","8":"opn-qv-enable","9":"open-woo-hover-none","10":"open-single-product-tab-horizontal","11":"open-shadow-","12":"open-shadow-hover-","14":"first","15":"instock","16":"shipping-taxable","17":"purchasable","18":"product-type-simple"},"_links":{"self":[{"href":"https:\/\/teemanditikand.ee\/lt\/wp-json\/wp\/v2\/product\/14849","targetHints":{"allow":["GET"]}}],"collection":[{"href":"https:\/\/teemanditikand.ee\/lt\/wp-json\/wp\/v2\/product"}],"about":[{"href":"https:\/\/teemanditikand.ee\/lt\/wp-json\/wp\/v2\/types\/product"}],"wp:featuredmedia":[{"embeddable":true,"href":"https:\/\/teemanditikand.ee\/lt\/wp-json\/wp\/v2\/media\/14850"}],"wp:attachment":[{"href":"https:\/\/teemanditikand.ee\/lt\/wp-json\/wp\/v2\/media?parent=14849"}],"wp:term":[{"taxonomy":"product_brand","embeddable":true,"href":"https:\/\/teemanditikand.ee\/lt\/wp-json\/wp\/v2\/product_brand?post=14849"},{"taxonomy":"product_cat","embeddable":true,"href":"https:\/\/teemanditikand.ee\/lt\/wp-json\/wp\/v2\/product_cat?post=14849"},{"taxonomy":"product_tag","embeddable":true,"href":"https:\/\/teemanditikand.ee\/lt\/wp-json\/wp\/v2\/product_tag?post=14849"}],"curies":[{"name":"wp","href":"https:\/\/api.w.org\/{rel}","templated":true}]}}