{"id":15990,"date":"2024-12-19T18:37:46","date_gmt":"2024-12-19T16:37:46","guid":{"rendered":"https:\/\/teemanditikand.ee\/?post_type=product&#038;p=15990"},"modified":"2026-03-21T14:28:41","modified_gmt":"2026-03-21T12:28:41","slug":"ullatuspilt-30x40-cm-25x35","status":"publish","type":"product","link":"https:\/\/teemanditikand.ee\/lt\/produktas\/ullatuspilt-30x40-cm-25x35\/","title":{"rendered":"Staigmenos nuotrauka 30\u00d740 cm (25\u00d735)"},"content":{"rendered":"","protected":false},"excerpt":{"rendered":"<ul>\n<li dir=\"ltr\" data-placeholder=\"T\u00f5lge\"><strong>PRENUMERUOKITE IR ATRASKITE.<\/strong><br \/>\n<strong>Atsi\u0173sime jums netik\u0117t\u0105 nuotrauk\u0105,\u00a0<\/strong><strong>Prek\u0117s jau yra sand\u0117lyje!<\/strong><\/li>\n<li id=\"tw-target-text\" class=\"tw-data-text tw-text-large tw-ta\" dir=\"ltr\" data-placeholder=\"T\u00f5lge\"><strong><span class=\"Y2IQFc\" lang=\"et\">Daug \u012fvairi\u0173 dizain\u0173! Drob\u0117s dydis: 30\u00d740 cm Paveiksl\u0117lio dydis: 25\u00d735 cm<\/span><\/strong><\/li>\n<\/ul>\n<p>Visi m\u016bs\u0173 parduodami deimantiniai siuvin\u0117jimai komplektuojami su: Auk\u0161tos kokyb\u0117s pagrindu (su klijais), kur tvirtinate deimantus, akrilinius deimantus, pagrind\u0105 deimantams laikyti, montavimo ra\u0161ikl\u012f, va\u0161k\u0105 montavimo ra\u0161ikliui<\/p>","protected":false},"featured_media":15993,"template":"","meta":[],"product_brand":[],"product_cat":[74,54,64,60,65,56,53,57,63,61],"product_tag":[],"class_list":{"0":"post-15990","1":"product","2":"type-product","3":"status-publish","4":"has-post-thumbnail","6":"product_cat-25x35-cm","7":"product_cat-fantaasia","8":"product_cat-kaunitarid","9":"product_cat-lilled","10":"product_cat-linnud","11":"product_cat-loodus","12":"product_cat-loomad","13":"product_cat-mandala","14":"product_cat-multikad","15":"product_cat-mystery","16":"thunk-woo-product-list","17":"opn-qv-enable","18":"open-woo-hover-none","19":"open-single-product-tab-horizontal","20":"open-shadow-","21":"open-shadow-hover-","23":"first","24":"instock","25":"shipping-taxable","26":"purchasable","27":"product-type-variable"},"_links":{"self":[{"href":"https:\/\/teemanditikand.ee\/lt\/wp-json\/wp\/v2\/product\/15990","targetHints":{"allow":["GET"]}}],"collection":[{"href":"https:\/\/teemanditikand.ee\/lt\/wp-json\/wp\/v2\/product"}],"about":[{"href":"https:\/\/teemanditikand.ee\/lt\/wp-json\/wp\/v2\/types\/product"}],"wp:featuredmedia":[{"embeddable":true,"href":"https:\/\/teemanditikand.ee\/lt\/wp-json\/wp\/v2\/media\/15993"}],"wp:attachment":[{"href":"https:\/\/teemanditikand.ee\/lt\/wp-json\/wp\/v2\/media?parent=15990"}],"wp:term":[{"taxonomy":"product_brand","embeddable":true,"href":"https:\/\/teemanditikand.ee\/lt\/wp-json\/wp\/v2\/product_brand?post=15990"},{"taxonomy":"product_cat","embeddable":true,"href":"https:\/\/teemanditikand.ee\/lt\/wp-json\/wp\/v2\/product_cat?post=15990"},{"taxonomy":"product_tag","embeddable":true,"href":"https:\/\/teemanditikand.ee\/lt\/wp-json\/wp\/v2\/product_tag?post=15990"}],"curies":[{"name":"wp","href":"https:\/\/api.w.org\/{rel}","templated":true}]}}