{"id":16055,"date":"2024-12-31T14:10:38","date_gmt":"2024-12-31T12:10:38","guid":{"rendered":"https:\/\/teemanditikand.ee\/?post_type=product&#038;p=16055"},"modified":"2025-05-23T13:55:24","modified_gmt":"2025-05-23T11:55:24","slug":"hobune-100x50-cm-saabumasviimane-saadaval","status":"publish","type":"product","link":"https:\/\/teemanditikand.ee\/lt\/produktas\/hobune-100x50-cm-saabumasviimane-saadaval\/","title":{"rendered":"Hobune 100&#215;50 cm (KOHE OLEMAS)(VIIMANE SAADAVAL)"},"content":{"rendered":"","protected":false},"excerpt":{"rendered":"<p><strong>D\u0116MESIO! ATVYKANTIS PRODUKTAS!\u00a0<\/strong><br \/>\n<strong>\u0160ios prek\u0117s n\u0117ra m\u016bs\u0173 sand\u0117lyje.<\/strong><br \/>\n<strong>NUMATOMAS PRISTATYMO LAIKAS 3-5 SAVAIT\u0116S.<\/strong><\/p>\n<p><strong>Visi m\u016bs\u0173 parduodami deimantiniai siuvin\u0117jimai yra su:<\/strong><br \/>\n<strong>Auk\u0161tos kokyb\u0117s pagrindas (su klijais), kuriame tvirtinami deimantai, akriliniai deimantai, pagrindas deimantams laikyti, tvirtinimo ra\u0161iklis su pir\u0161t\u0173 amortizacija ir va\u0161kas tvirtinimo ra\u0161ikliui<\/strong><\/p>","protected":false},"featured_media":16056,"template":"","meta":[],"product_brand":[],"product_cat":[46],"product_tag":[],"class_list":{"0":"post-16055","1":"product","2":"type-product","3":"status-publish","4":"has-post-thumbnail","6":"product_cat-100x50-cm","7":"thunk-woo-product-list","8":"opn-qv-enable","9":"open-woo-hover-none","10":"open-single-product-tab-horizontal","11":"open-shadow-","12":"open-shadow-hover-","14":"first","15":"instock","16":"sale","17":"shipping-taxable","18":"purchasable","19":"product-type-simple"},"_links":{"self":[{"href":"https:\/\/teemanditikand.ee\/lt\/wp-json\/wp\/v2\/product\/16055","targetHints":{"allow":["GET"]}}],"collection":[{"href":"https:\/\/teemanditikand.ee\/lt\/wp-json\/wp\/v2\/product"}],"about":[{"href":"https:\/\/teemanditikand.ee\/lt\/wp-json\/wp\/v2\/types\/product"}],"wp:featuredmedia":[{"embeddable":true,"href":"https:\/\/teemanditikand.ee\/lt\/wp-json\/wp\/v2\/media\/16056"}],"wp:attachment":[{"href":"https:\/\/teemanditikand.ee\/lt\/wp-json\/wp\/v2\/media?parent=16055"}],"wp:term":[{"taxonomy":"product_brand","embeddable":true,"href":"https:\/\/teemanditikand.ee\/lt\/wp-json\/wp\/v2\/product_brand?post=16055"},{"taxonomy":"product_cat","embeddable":true,"href":"https:\/\/teemanditikand.ee\/lt\/wp-json\/wp\/v2\/product_cat?post=16055"},{"taxonomy":"product_tag","embeddable":true,"href":"https:\/\/teemanditikand.ee\/lt\/wp-json\/wp\/v2\/product_tag?post=16055"}],"curies":[{"name":"wp","href":"https:\/\/api.w.org\/{rel}","templated":true}]}}