{"id":16341,"date":"2025-01-08T13:44:26","date_gmt":"2025-01-08T11:44:26","guid":{"rendered":"https:\/\/teemanditikand.ee\/?post_type=product&#038;p=16341"},"modified":"2025-04-03T14:20:29","modified_gmt":"2025-04-03T12:20:29","slug":"tigu-15x15-cm-raam-kaasasviimane-saadaval","status":"publish","type":"product","link":"https:\/\/teemanditikand.ee\/lt\/produktas\/tigu-15x15-cm-raam-kaasasviimane-saadaval\/","title":{"rendered":"Tigu 15&#215;15 cm (RAAM KAASAS)"},"content":{"rendered":"","protected":false},"excerpt":{"rendered":"<p>Visi m\u016bs\u0173 parduodami deimantiniai siuvin\u0117jimai yra su: Auk\u0161tos kokyb\u0117s pagrindas (su klijais), kuriame tvirtinami deimantai, akriliniai deimantai, pagrindas deimantams laikyti, montavimo ra\u0161iklis, va\u0161ko tvirtinimo ra\u0161iklis<\/p>","protected":false},"featured_media":16342,"template":"","meta":[],"product_brand":[],"product_cat":[51],"product_tag":[],"class_list":{"0":"post-16341","1":"product","2":"type-product","3":"status-publish","4":"has-post-thumbnail","6":"product_cat-lastele-teemandikandid","7":"thunk-woo-product-list","8":"opn-qv-enable","9":"open-woo-hover-none","10":"open-single-product-tab-horizontal","11":"open-shadow-","12":"open-shadow-hover-","14":"first","15":"instock","16":"shipping-taxable","17":"purchasable","18":"product-type-simple"},"_links":{"self":[{"href":"https:\/\/teemanditikand.ee\/lt\/wp-json\/wp\/v2\/product\/16341","targetHints":{"allow":["GET"]}}],"collection":[{"href":"https:\/\/teemanditikand.ee\/lt\/wp-json\/wp\/v2\/product"}],"about":[{"href":"https:\/\/teemanditikand.ee\/lt\/wp-json\/wp\/v2\/types\/product"}],"wp:featuredmedia":[{"embeddable":true,"href":"https:\/\/teemanditikand.ee\/lt\/wp-json\/wp\/v2\/media\/16342"}],"wp:attachment":[{"href":"https:\/\/teemanditikand.ee\/lt\/wp-json\/wp\/v2\/media?parent=16341"}],"wp:term":[{"taxonomy":"product_brand","embeddable":true,"href":"https:\/\/teemanditikand.ee\/lt\/wp-json\/wp\/v2\/product_brand?post=16341"},{"taxonomy":"product_cat","embeddable":true,"href":"https:\/\/teemanditikand.ee\/lt\/wp-json\/wp\/v2\/product_cat?post=16341"},{"taxonomy":"product_tag","embeddable":true,"href":"https:\/\/teemanditikand.ee\/lt\/wp-json\/wp\/v2\/product_tag?post=16341"}],"curies":[{"name":"wp","href":"https:\/\/api.w.org\/{rel}","templated":true}]}}