{"id":16407,"date":"2025-01-14T12:51:31","date_gmt":"2025-01-14T10:51:31","guid":{"rendered":"https:\/\/teemanditikand.ee\/?post_type=product&#038;p=16407"},"modified":"2025-01-14T12:51:31","modified_gmt":"2025-01-14T10:51:31","slug":"paikeseloojangtuletorn-30x40-cm-25x35","status":"publish","type":"product","link":"https:\/\/teemanditikand.ee\/lt\/produktas\/paikeseloojangtuletorn-30x40-cm-25x35\/","title":{"rendered":"Saul\u0117lydis ir \u0161vyturys 30\u00d740 cm (25\u00d735)"},"content":{"rendered":"","protected":false},"excerpt":{"rendered":"<h4 id=\"tw-target-text\" class=\"tw-data-text tw-text-large tw-ta\" dir=\"ltr\" data-placeholder=\"T\u00f5lge\"><strong><span class=\"Y2IQFc\" lang=\"et\">Drob\u0117s dydis: 30\u00d740 cm Vaizdo dydis: 25\u00d735 cm<\/span><\/strong><\/h4>\n<p>Visi m\u016bs\u0173 parduodami deimantiniai siuvin\u0117jimai komplektuojami su: Auk\u0161tos kokyb\u0117s pagrindu (su klijais), kur tvirtinate deimantus, akrilinius deimantus, pagrind\u0105 deimantams laikyti, montavimo ra\u0161ikl\u012f, va\u0161k\u0105 montavimo ra\u0161ikliui<\/p>","protected":false},"featured_media":16408,"template":"","meta":[],"product_brand":[],"product_cat":[74,56],"product_tag":[],"class_list":{"0":"post-16407","1":"product","2":"type-product","3":"status-publish","4":"has-post-thumbnail","6":"product_cat-25x35-cm","7":"product_cat-loodus","8":"thunk-woo-product-list","9":"opn-qv-enable","10":"open-woo-hover-none","11":"open-single-product-tab-horizontal","12":"open-shadow-","13":"open-shadow-hover-","15":"first","16":"instock","17":"shipping-taxable","18":"purchasable","19":"product-type-simple"},"_links":{"self":[{"href":"https:\/\/teemanditikand.ee\/lt\/wp-json\/wp\/v2\/product\/16407","targetHints":{"allow":["GET"]}}],"collection":[{"href":"https:\/\/teemanditikand.ee\/lt\/wp-json\/wp\/v2\/product"}],"about":[{"href":"https:\/\/teemanditikand.ee\/lt\/wp-json\/wp\/v2\/types\/product"}],"wp:featuredmedia":[{"embeddable":true,"href":"https:\/\/teemanditikand.ee\/lt\/wp-json\/wp\/v2\/media\/16408"}],"wp:attachment":[{"href":"https:\/\/teemanditikand.ee\/lt\/wp-json\/wp\/v2\/media?parent=16407"}],"wp:term":[{"taxonomy":"product_brand","embeddable":true,"href":"https:\/\/teemanditikand.ee\/lt\/wp-json\/wp\/v2\/product_brand?post=16407"},{"taxonomy":"product_cat","embeddable":true,"href":"https:\/\/teemanditikand.ee\/lt\/wp-json\/wp\/v2\/product_cat?post=16407"},{"taxonomy":"product_tag","embeddable":true,"href":"https:\/\/teemanditikand.ee\/lt\/wp-json\/wp\/v2\/product_tag?post=16407"}],"curies":[{"name":"wp","href":"https:\/\/api.w.org\/{rel}","templated":true}]}}