{"id":17497,"date":"2025-03-11T13:34:03","date_gmt":"2025-03-11T11:34:03","guid":{"rendered":"https:\/\/teemanditikand.ee\/?post_type=product&#038;p=17497"},"modified":"2026-04-09T08:36:00","modified_gmt":"2026-04-09T06:36:00","slug":"peatselt-saabuv-luik-40x80-cm","status":"publish","type":"product","link":"https:\/\/teemanditikand.ee\/lt\/produktas\/peatselt-saabuv-luik-40x80-cm\/","title":{"rendered":"Luik 40&#215;80 cm"},"content":{"rendered":"","protected":false},"excerpt":{"rendered":"<p><strong>Visi m\u016bs\u0173 parduodami deimantiniai siuvin\u0117jimai yra su:<\/strong><br \/>\n<strong>Auk\u0161tos kokyb\u0117s pagrindas (su klijais), kuriame tvirtinami deimantai, akriliniai deimantai, pagrindas deimantams laikyti, tvirtinimo ra\u0161iklis su pir\u0161t\u0173 amortizacija ir va\u0161kas tvirtinimo ra\u0161ikliui<\/strong><\/p>","protected":false},"featured_media":17498,"template":"","meta":[],"product_brand":[],"product_cat":[34,65,56],"product_tag":[],"class_list":{"0":"post-17497","1":"product","2":"type-product","3":"status-publish","4":"has-post-thumbnail","6":"product_cat-40x80-cm","7":"product_cat-linnud","8":"product_cat-loodus","9":"thunk-woo-product-list","10":"opn-qv-enable","11":"open-woo-hover-none","12":"open-single-product-tab-horizontal","13":"open-shadow-","14":"open-shadow-hover-","16":"first","17":"instock","18":"shipping-taxable","19":"purchasable","20":"product-type-simple"},"_links":{"self":[{"href":"https:\/\/teemanditikand.ee\/lt\/wp-json\/wp\/v2\/product\/17497","targetHints":{"allow":["GET"]}}],"collection":[{"href":"https:\/\/teemanditikand.ee\/lt\/wp-json\/wp\/v2\/product"}],"about":[{"href":"https:\/\/teemanditikand.ee\/lt\/wp-json\/wp\/v2\/types\/product"}],"wp:featuredmedia":[{"embeddable":true,"href":"https:\/\/teemanditikand.ee\/lt\/wp-json\/wp\/v2\/media\/17498"}],"wp:attachment":[{"href":"https:\/\/teemanditikand.ee\/lt\/wp-json\/wp\/v2\/media?parent=17497"}],"wp:term":[{"taxonomy":"product_brand","embeddable":true,"href":"https:\/\/teemanditikand.ee\/lt\/wp-json\/wp\/v2\/product_brand?post=17497"},{"taxonomy":"product_cat","embeddable":true,"href":"https:\/\/teemanditikand.ee\/lt\/wp-json\/wp\/v2\/product_cat?post=17497"},{"taxonomy":"product_tag","embeddable":true,"href":"https:\/\/teemanditikand.ee\/lt\/wp-json\/wp\/v2\/product_tag?post=17497"}],"curies":[{"name":"wp","href":"https:\/\/api.w.org\/{rel}","templated":true}]}}