{"id":17507,"date":"2025-03-11T13:39:27","date_gmt":"2025-03-11T11:39:27","guid":{"rendered":"https:\/\/teemanditikand.ee\/?post_type=product&#038;p=17507"},"modified":"2025-11-18T08:04:23","modified_gmt":"2025-11-18T06:04:23","slug":"peatselt-saabuv-paabulind-50x80-cm","status":"publish","type":"product","link":"https:\/\/teemanditikand.ee\/lt\/produktas\/peatselt-saabuv-paabulind-50x80-cm\/","title":{"rendered":"Paabulind&#038;Pojengid 50&#215;80 cm"},"content":{"rendered":"","protected":false},"excerpt":{"rendered":"<p><strong>Visi m\u016bs\u0173 parduodami deimantiniai siuvin\u0117jimai yra su:<\/strong><br \/>\n<strong>Auk\u0161tos kokyb\u0117s pagrindas (su klijais), kuriame tvirtinami deimantai, akriliniai deimantai, pagrindas deimantams laikyti, tvirtinimo ra\u0161iklis su pir\u0161t\u0173 amortizacija ir va\u0161kas tvirtinimo ra\u0161ikliui<\/strong><\/p>","protected":false},"featured_media":17511,"template":"","meta":[],"product_brand":[],"product_cat":[45,60,65,56],"product_tag":[],"class_list":{"0":"post-17507","1":"product","2":"type-product","3":"status-publish","4":"has-post-thumbnail","6":"product_cat-50x80-cm","7":"product_cat-lilled","8":"product_cat-linnud","9":"product_cat-loodus","10":"thunk-woo-product-list","11":"opn-qv-enable","12":"open-woo-hover-none","13":"open-single-product-tab-horizontal","14":"open-shadow-","15":"open-shadow-hover-","17":"first","18":"instock","19":"shipping-taxable","20":"purchasable","21":"product-type-variable"},"_links":{"self":[{"href":"https:\/\/teemanditikand.ee\/lt\/wp-json\/wp\/v2\/product\/17507","targetHints":{"allow":["GET"]}}],"collection":[{"href":"https:\/\/teemanditikand.ee\/lt\/wp-json\/wp\/v2\/product"}],"about":[{"href":"https:\/\/teemanditikand.ee\/lt\/wp-json\/wp\/v2\/types\/product"}],"wp:featuredmedia":[{"embeddable":true,"href":"https:\/\/teemanditikand.ee\/lt\/wp-json\/wp\/v2\/media\/17511"}],"wp:attachment":[{"href":"https:\/\/teemanditikand.ee\/lt\/wp-json\/wp\/v2\/media?parent=17507"}],"wp:term":[{"taxonomy":"product_brand","embeddable":true,"href":"https:\/\/teemanditikand.ee\/lt\/wp-json\/wp\/v2\/product_brand?post=17507"},{"taxonomy":"product_cat","embeddable":true,"href":"https:\/\/teemanditikand.ee\/lt\/wp-json\/wp\/v2\/product_cat?post=17507"},{"taxonomy":"product_tag","embeddable":true,"href":"https:\/\/teemanditikand.ee\/lt\/wp-json\/wp\/v2\/product_tag?post=17507"}],"curies":[{"name":"wp","href":"https:\/\/api.w.org\/{rel}","templated":true}]}}