{"id":17797,"date":"2025-04-15T08:22:04","date_gmt":"2025-04-15T06:22:04","guid":{"rendered":"https:\/\/teemanditikand.ee\/?post_type=product&#038;p=17797"},"modified":"2025-06-25T18:15:40","modified_gmt":"2025-06-25T16:15:40","slug":"tellitudpeatselt-saabuv-ehtekarp-mandala","status":"publish","type":"product","link":"https:\/\/teemanditikand.ee\/lt\/produktas\/tellitudpeatselt-saabuv-ehtekarp-mandala\/","title":{"rendered":"Ehtekarp mandala"},"content":{"rendered":"","protected":false},"excerpt":{"rendered":"<p><strong>Turite patys i\u0161siuvin\u0117ti ir surinkti<\/strong><\/p>\n<p><strong>Visi m\u016bs\u0173 parduodami deimantiniai siuvin\u0117jimai yra su:<\/strong><br \/>\n<strong>Auk\u0161tos kokyb\u0117s pagrindas (su klijais), kuriame tvirtinami deimantai, akriliniai deimantai, pagrindas deimantams laikyti, tvirtinimo ra\u0161iklis su pir\u0161t\u0173 amortizacija ir va\u0161kas tvirtinimo ra\u0161ikliui<\/strong><\/p>","protected":false},"featured_media":17798,"template":"","meta":[],"product_brand":[],"product_cat":[49],"product_tag":[],"class_list":{"0":"post-17797","1":"product","2":"type-product","3":"status-publish","4":"has-post-thumbnail","6":"product_cat-muud-tooted","7":"thunk-woo-product-list","8":"opn-qv-enable","9":"open-woo-hover-none","10":"open-single-product-tab-horizontal","11":"open-shadow-","12":"open-shadow-hover-","14":"first","15":"instock","16":"shipping-taxable","17":"purchasable","18":"product-type-simple"},"_links":{"self":[{"href":"https:\/\/teemanditikand.ee\/lt\/wp-json\/wp\/v2\/product\/17797","targetHints":{"allow":["GET"]}}],"collection":[{"href":"https:\/\/teemanditikand.ee\/lt\/wp-json\/wp\/v2\/product"}],"about":[{"href":"https:\/\/teemanditikand.ee\/lt\/wp-json\/wp\/v2\/types\/product"}],"wp:featuredmedia":[{"embeddable":true,"href":"https:\/\/teemanditikand.ee\/lt\/wp-json\/wp\/v2\/media\/17798"}],"wp:attachment":[{"href":"https:\/\/teemanditikand.ee\/lt\/wp-json\/wp\/v2\/media?parent=17797"}],"wp:term":[{"taxonomy":"product_brand","embeddable":true,"href":"https:\/\/teemanditikand.ee\/lt\/wp-json\/wp\/v2\/product_brand?post=17797"},{"taxonomy":"product_cat","embeddable":true,"href":"https:\/\/teemanditikand.ee\/lt\/wp-json\/wp\/v2\/product_cat?post=17797"},{"taxonomy":"product_tag","embeddable":true,"href":"https:\/\/teemanditikand.ee\/lt\/wp-json\/wp\/v2\/product_tag?post=17797"}],"curies":[{"name":"wp","href":"https:\/\/api.w.org\/{rel}","templated":true}]}}