{"id":18132,"date":"2025-05-14T08:32:06","date_gmt":"2025-05-14T06:32:06","guid":{"rendered":"https:\/\/teemanditikand.ee\/?post_type=product&#038;p=18132"},"modified":"2026-04-02T15:40:26","modified_gmt":"2026-04-02T13:40:26","slug":"hobused-50x50-cm-45x45","status":"publish","type":"product","link":"https:\/\/teemanditikand.ee\/lt\/produktas\/hobused-50x50-cm-45x45\/","title":{"rendered":"Hobused 50&#215;50 cm (45&#215;45)"},"content":{"rendered":"","protected":false},"excerpt":{"rendered":"<h4 id=\"tw-target-text\" class=\"tw-data-text tw-text-large tw-ta\" dir=\"ltr\" data-placeholder=\"T\u00f5lge\"><strong><span class=\"Y2IQFc\" lang=\"et\">Drob\u0117s dydis: 50\u00d750 cm Paveiksl\u0117lio dydis: 45\u00d745 cm<\/span><\/strong><\/h4>\n<p>Visi m\u016bs\u0173 parduodami deimantiniai siuvin\u0117jimai yra su: Auk\u0161tos kokyb\u0117s pagrindas (su klijais), kuriame tvirtinami deimantai, akriliniai deimantai, pagrindas deimantams laikyti, montavimo ra\u0161iklis, va\u0161ko tvirtinimo ra\u0161iklis<\/p>","protected":false},"featured_media":18133,"template":"","meta":[],"product_brand":[],"product_cat":[25,57],"product_tag":[],"class_list":{"0":"post-18132","1":"product","2":"type-product","3":"status-publish","4":"has-post-thumbnail","6":"product_cat-50x50cm","7":"product_cat-mandala","8":"thunk-woo-product-list","9":"opn-qv-enable","10":"open-woo-hover-none","11":"open-single-product-tab-horizontal","12":"open-shadow-","13":"open-shadow-hover-","15":"first","16":"outofstock","17":"shipping-taxable","18":"purchasable","19":"product-type-simple"},"_links":{"self":[{"href":"https:\/\/teemanditikand.ee\/lt\/wp-json\/wp\/v2\/product\/18132","targetHints":{"allow":["GET"]}}],"collection":[{"href":"https:\/\/teemanditikand.ee\/lt\/wp-json\/wp\/v2\/product"}],"about":[{"href":"https:\/\/teemanditikand.ee\/lt\/wp-json\/wp\/v2\/types\/product"}],"wp:featuredmedia":[{"embeddable":true,"href":"https:\/\/teemanditikand.ee\/lt\/wp-json\/wp\/v2\/media\/18133"}],"wp:attachment":[{"href":"https:\/\/teemanditikand.ee\/lt\/wp-json\/wp\/v2\/media?parent=18132"}],"wp:term":[{"taxonomy":"product_brand","embeddable":true,"href":"https:\/\/teemanditikand.ee\/lt\/wp-json\/wp\/v2\/product_brand?post=18132"},{"taxonomy":"product_cat","embeddable":true,"href":"https:\/\/teemanditikand.ee\/lt\/wp-json\/wp\/v2\/product_cat?post=18132"},{"taxonomy":"product_tag","embeddable":true,"href":"https:\/\/teemanditikand.ee\/lt\/wp-json\/wp\/v2\/product_tag?post=18132"}],"curies":[{"name":"wp","href":"https:\/\/api.w.org\/{rel}","templated":true}]}}