{"id":18571,"date":"2025-07-12T13:44:49","date_gmt":"2025-07-12T11:44:49","guid":{"rendered":"https:\/\/teemanditikand.ee\/?post_type=product&#038;p=18571"},"modified":"2025-07-12T13:44:49","modified_gmt":"2025-07-12T11:44:49","slug":"tulelind-30x40-cm-25x35","status":"publish","type":"product","link":"https:\/\/teemanditikand.ee\/lt\/produktas\/tulelind-30x40-cm-25x35\/","title":{"rendered":"Tulelind 30&#215;40 cm (25&#215;35)"},"content":{"rendered":"","protected":false},"excerpt":{"rendered":"<h4 id=\"tw-target-text\" class=\"tw-data-text tw-text-large tw-ta\" dir=\"ltr\" data-placeholder=\"T\u00f5lge\"><strong><span class=\"Y2IQFc\" lang=\"et\">Drob\u0117s dydis: 30\u00d740 cm Vaizdo dydis: 25\u00d735 cm<\/span><\/strong><\/h4>\n<p>K\u00f5igi meie m\u00fc\u00fcdavate teemanditikanditega on kaasas: Kvaliteetne alus(liimiga) kuhu paigaldate teemandid, akr\u00fc\u00fclteemandid, alus teemandite hoidmiseks, paigalduspliiats, vaha paigalduspliiatsile.<\/p>","protected":false},"featured_media":18572,"template":"","meta":[],"product_brand":[],"product_cat":[20,65],"product_tag":[],"class_list":{"0":"post-18571","1":"product","2":"type-product","3":"status-publish","4":"has-post-thumbnail","6":"product_cat-30x40cm","7":"product_cat-linnud","8":"thunk-woo-product-list","9":"opn-qv-enable","10":"open-woo-hover-none","11":"open-single-product-tab-horizontal","12":"open-shadow-","13":"open-shadow-hover-","15":"first","16":"instock","17":"shipping-taxable","18":"purchasable","19":"product-type-simple"},"_links":{"self":[{"href":"https:\/\/teemanditikand.ee\/lt\/wp-json\/wp\/v2\/product\/18571","targetHints":{"allow":["GET"]}}],"collection":[{"href":"https:\/\/teemanditikand.ee\/lt\/wp-json\/wp\/v2\/product"}],"about":[{"href":"https:\/\/teemanditikand.ee\/lt\/wp-json\/wp\/v2\/types\/product"}],"wp:featuredmedia":[{"embeddable":true,"href":"https:\/\/teemanditikand.ee\/lt\/wp-json\/wp\/v2\/media\/18572"}],"wp:attachment":[{"href":"https:\/\/teemanditikand.ee\/lt\/wp-json\/wp\/v2\/media?parent=18571"}],"wp:term":[{"taxonomy":"product_brand","embeddable":true,"href":"https:\/\/teemanditikand.ee\/lt\/wp-json\/wp\/v2\/product_brand?post=18571"},{"taxonomy":"product_cat","embeddable":true,"href":"https:\/\/teemanditikand.ee\/lt\/wp-json\/wp\/v2\/product_cat?post=18571"},{"taxonomy":"product_tag","embeddable":true,"href":"https:\/\/teemanditikand.ee\/lt\/wp-json\/wp\/v2\/product_tag?post=18571"}],"curies":[{"name":"wp","href":"https:\/\/api.w.org\/{rel}","templated":true}]}}