{"id":18595,"date":"2025-07-17T09:01:19","date_gmt":"2025-07-17T07:01:19","guid":{"rendered":"https:\/\/teemanditikand.ee\/?post_type=product&#038;p=18595"},"modified":"2025-07-17T09:01:19","modified_gmt":"2025-07-17T07:01:19","slug":"luiged-30x40-25x35","status":"publish","type":"product","link":"https:\/\/teemanditikand.ee\/lt\/produktas\/luiged-30x40-25x35\/","title":{"rendered":"Luiged 30&#215;40 (25&#215;35)"},"content":{"rendered":"","protected":false},"excerpt":{"rendered":"<h4 id=\"tw-target-text\" class=\"tw-data-text tw-text-large tw-ta\" dir=\"ltr\" data-placeholder=\"T\u00f5lge\"><strong><span class=\"Y2IQFc\" lang=\"et\">Drob\u0117s dydis: 30\u00d740 cm Vaizdo dydis: 25\u00d735 cm<\/span><\/strong><\/h4>\n<p>Visi m\u016bs\u0173 parduodami deimantiniai siuvin\u0117jimai yra su: Auk\u0161tos kokyb\u0117s pagrindas (su klijais), kuriame tvirtinami deimantai, akriliniai deimantai, pagrindas deimantams laikyti, montavimo ra\u0161iklis, va\u0161ko tvirtinimo ra\u0161iklis<\/p>","protected":false},"featured_media":18596,"template":"","meta":[],"product_brand":[],"product_cat":[74,20,65,56],"product_tag":[],"class_list":{"0":"post-18595","1":"product","2":"type-product","3":"status-publish","4":"has-post-thumbnail","6":"product_cat-25x35-cm","7":"product_cat-30x40cm","8":"product_cat-linnud","9":"product_cat-loodus","10":"thunk-woo-product-list","11":"opn-qv-enable","12":"open-woo-hover-none","13":"open-single-product-tab-horizontal","14":"open-shadow-","15":"open-shadow-hover-","17":"first","18":"instock","19":"shipping-taxable","20":"purchasable","21":"product-type-simple"},"_links":{"self":[{"href":"https:\/\/teemanditikand.ee\/lt\/wp-json\/wp\/v2\/product\/18595","targetHints":{"allow":["GET"]}}],"collection":[{"href":"https:\/\/teemanditikand.ee\/lt\/wp-json\/wp\/v2\/product"}],"about":[{"href":"https:\/\/teemanditikand.ee\/lt\/wp-json\/wp\/v2\/types\/product"}],"wp:featuredmedia":[{"embeddable":true,"href":"https:\/\/teemanditikand.ee\/lt\/wp-json\/wp\/v2\/media\/18596"}],"wp:attachment":[{"href":"https:\/\/teemanditikand.ee\/lt\/wp-json\/wp\/v2\/media?parent=18595"}],"wp:term":[{"taxonomy":"product_brand","embeddable":true,"href":"https:\/\/teemanditikand.ee\/lt\/wp-json\/wp\/v2\/product_brand?post=18595"},{"taxonomy":"product_cat","embeddable":true,"href":"https:\/\/teemanditikand.ee\/lt\/wp-json\/wp\/v2\/product_cat?post=18595"},{"taxonomy":"product_tag","embeddable":true,"href":"https:\/\/teemanditikand.ee\/lt\/wp-json\/wp\/v2\/product_tag?post=18595"}],"curies":[{"name":"wp","href":"https:\/\/api.w.org\/{rel}","templated":true}]}}