{"id":18821,"date":"2025-08-31T17:29:06","date_gmt":"2025-08-31T15:29:06","guid":{"rendered":"https:\/\/teemanditikand.ee\/?post_type=product&#038;p=18821"},"modified":"2025-09-22T12:07:42","modified_gmt":"2025-09-22T10:07:42","slug":"peatselt-saabuv-varviline-ookull-40x50-cm","status":"publish","type":"product","link":"https:\/\/teemanditikand.ee\/lt\/produktas\/peatselt-saabuv-varviline-ookull-40x50-cm\/","title":{"rendered":"KOHE OLEMAS! V\u00e4rviline \u00d6\u00f6kull 40&#215;50 cm"},"content":{"rendered":"","protected":false},"excerpt":{"rendered":"<p><strong>T\u00c4HELEPANU! SAABUV TOODE! (VIIMANE SAADAVAL)<\/strong><br \/>\n<strong>\u0160ios prek\u0117s n\u0117ra m\u016bs\u0173 sand\u0117lyje.<\/strong><br \/>\n<strong>EELDATAV TARNEAEG 3-5 N\u00c4DALAT. (TELLITUD \u2013 31.08)<\/strong><\/p>\n<p><strong>Visi m\u016bs\u0173 parduodami deimantiniai siuvin\u0117jimai yra su:<\/strong><br \/>\n<strong>Auk\u0161tos kokyb\u0117s pagrindas (su klijais), kuriame tvirtinami deimantai, akriliniai deimantai, pagrindas deimantams laikyti, tvirtinimo ra\u0161iklis su pir\u0161t\u0173 amortizacija ir va\u0161kas tvirtinimo ra\u0161ikliui<\/strong><\/p>","protected":false},"featured_media":18822,"template":"","meta":[],"product_brand":[],"product_cat":[22,65],"product_tag":[],"class_list":{"0":"post-18821","1":"product","2":"type-product","3":"status-publish","4":"has-post-thumbnail","6":"product_cat-40x50cm","7":"product_cat-linnud","8":"thunk-woo-product-list","9":"opn-qv-enable","10":"open-woo-hover-none","11":"open-single-product-tab-horizontal","12":"open-shadow-","13":"open-shadow-hover-","15":"first","16":"instock","17":"shipping-taxable","18":"purchasable","19":"product-type-simple"},"_links":{"self":[{"href":"https:\/\/teemanditikand.ee\/lt\/wp-json\/wp\/v2\/product\/18821","targetHints":{"allow":["GET"]}}],"collection":[{"href":"https:\/\/teemanditikand.ee\/lt\/wp-json\/wp\/v2\/product"}],"about":[{"href":"https:\/\/teemanditikand.ee\/lt\/wp-json\/wp\/v2\/types\/product"}],"wp:featuredmedia":[{"embeddable":true,"href":"https:\/\/teemanditikand.ee\/lt\/wp-json\/wp\/v2\/media\/18822"}],"wp:attachment":[{"href":"https:\/\/teemanditikand.ee\/lt\/wp-json\/wp\/v2\/media?parent=18821"}],"wp:term":[{"taxonomy":"product_brand","embeddable":true,"href":"https:\/\/teemanditikand.ee\/lt\/wp-json\/wp\/v2\/product_brand?post=18821"},{"taxonomy":"product_cat","embeddable":true,"href":"https:\/\/teemanditikand.ee\/lt\/wp-json\/wp\/v2\/product_cat?post=18821"},{"taxonomy":"product_tag","embeddable":true,"href":"https:\/\/teemanditikand.ee\/lt\/wp-json\/wp\/v2\/product_tag?post=18821"}],"curies":[{"name":"wp","href":"https:\/\/api.w.org\/{rel}","templated":true}]}}